{"id":18688,"date":"2015-06-18T09:15:54","date_gmt":"2015-06-18T09:15:54","guid":{"rendered":"http:\/\/www.discoveryindochina.com\/fr\/?page_id=18688"},"modified":"2016-11-29T09:52:55","modified_gmt":"2016-11-29T09:52:55","slug":"emploi","status":"publish","type":"page","link":"https:\/\/discoveryindochina.com\/fr\/emploi\/","title":{"rendered":"Emploi chez Agence Discovery Indochina"},"content":{"rendered":"<p style=\"text-align: right;\"><strong><a href=\"https:\/\/discoveryindochina.com\/fr\/stage\/\">Stage Opportunit\u00e9s<\/a><\/strong><\/p>\n<p>Pour participer \u00e0 la croissance et \u00e0 l&rsquo;expansion de notre Soci\u00e9t\u00e9, rejoignez nous en choisissant parmi les postes suivants\u00a0<\/p>\n<p><img decoding=\"async\" loading=\"lazy\" class=\"\" title=\"\" src=\"https:\/\/discoveryindochina.com\/wp-content\/uploads\/2014\/10\/discovery-indochina-careers.jpg\" alt=\"\" width=\"412\" height=\"412\" \/><\/p>\n<p>&nbsp;<\/p>\n<h3>Opportunite\u00e9s ouvertes<\/h3>\n<div>\n<div id=\"block-system-main\">\n<div id=\"vacancies\">\n<dl class=\"dl-horizontal\">\n<dt>Services Personel<\/dt>\n<dd>\n<table class=\"table\" width=\"100%\">\n<tbody>\n<tr>\n<td>Consultation de voyage<\/td>\n<td align=\"center\" width=\"10%\"><i class=\"fa fa-fire\">\u00a0<\/i><\/td>\n<td width=\"10%\"><a class=\"btn btn-primary\" href=\"mailto:staffing@discoveryindochina.com\"> Appliquer<\/a><\/td>\n<\/tr>\n<tr>\n<td>Ventes<\/td>\n<td align=\"center\" width=\"10%\"><i class=\"fa fa-fire\">\u00a0<\/i><\/td>\n<td width=\"10%\"><a class=\"btn btn-primary\" href=\"mailto:staffing@discoveryindochina.com\"> Appliquer<\/a><\/td>\n<\/tr>\n<\/tbody>\n<\/table>\n<\/dd>\n<dt>Customer Support<\/dt>\n<dd>\n<table class=\"table\" width=\"100%\">\n<tbody>\n<tr>\n<td>Support Client<\/td>\n<td align=\"center\" width=\"10%\"><i class=\"fa fa-fire\">\u00a0<\/i><\/td>\n<td width=\"10%\"><a class=\"btn btn-primary\" href=\"mailto:staffing@discoveryindochina.com\"> Appliquer<\/a><\/td>\n<\/tr>\n<\/tbody>\n<\/table>\n<\/dd>\n<dt>Business Development<\/dt>\n<dd>\n<table class=\"table\" width=\"100%\">\n<tbody>\n<tr>\n<td>Project co-ordinator<\/td>\n<td align=\"center\" width=\"10%\"><i class=\"fa fa-fire\">\u00a0<\/i><\/td>\n<td width=\"10%\"><a class=\"btn btn-primary\" href=\"mailto:staffing@discoveryindochina.com\"> Appliquer<\/a><\/td>\n<\/tr>\n<\/tbody>\n<\/table>\n<\/dd>\n<dt>Resources Humaine<\/dt>\n<dd>\n<table class=\"table\" width=\"100%\">\n<tbody>\n<tr>\n<td>HR Executive<\/td>\n<td align=\"center\" width=\"10%\"><i class=\"fa fa-fire\">\u00a0<\/i><\/td>\n<td width=\"10%\"><a class=\"btn btn-primary\" href=\"mailto:staffing@discoveryindochina.com\"> Appliquer<\/a><\/td>\n<\/tr>\n<\/tbody>\n<\/table>\n<\/dd>\n<dt>Marketing<\/dt>\n<dd>\n<table class=\"table\" width=\"100%\">\n<tbody>\n<tr>\n<td>Stage<\/td>\n<td align=\"center\" width=\"10%\"><i class=\"fa fa-fire\">\u00a0<\/i><\/td>\n<td width=\"10%\"><a class=\"btn btn-primary\" href=\"mailto:staffing@discoveryindochina.com\"> Appliquer<\/a><\/td>\n<\/tr>\n<\/tbody>\n<\/table>\n<\/dd>\n<dt>Communication<\/dt>\n<dd>\n<table class=\"table\" width=\"100%\">\n<tbody>\n<tr>\n<td>Stage<\/td>\n<td width=\"10%\"><a class=\"btn btn-primary\" href=\"mailto:staffing@discoveryindochina.com\"> Appliquer<\/a><\/td>\n<\/tr>\n<\/tbody>\n<\/table>\n<\/dd>\n<\/dl>\n<\/div>\n<\/div>\n<p>&nbsp;<\/p>\n<p><a href=\"https:\/\/discoveryindochina.com\/fr\/stage\/\">Stage Opportunit\u00e9s<\/a><\/p>\n<\/div>\n","protected":false},"excerpt":{"rendered":"<p>Stage Opportunit\u00e9s Pour participer \u00e0 la croissance et \u00e0 l&rsquo;expansion de notre Soci\u00e9t\u00e9, rejoignez nous en choisissant parmi les postes suivants\u00a0 &nbsp; Opportunite\u00e9s ouvertes Services Personel Consultation de voyage \u00a0 Appliquer Ventes \u00a0 Appliquer Customer Support Support Client \u00a0 Appliquer Business Development Project co-ordinator \u00a0 Appliquer Resources Humaine HR Executive \u00a0 Appliquer Marketing Stage \u00a0 [&hellip;]<\/p>\n","protected":false},"author":3,"featured_media":0,"parent":0,"menu_order":0,"comment_status":"open","ping_status":"open","template":"","meta":[],"yoast_head":"<!-- This site is optimized with the Yoast SEO plugin v18.9 - https:\/\/yoast.com\/wordpress\/plugins\/seo\/ -->\n<title>Emploi Vietnam, Travail Vietnam, Opportunite de travailler au Vietnam<\/title>\n<meta name=\"description\" content=\"Emploi Vietnam, Travail Vietnam, Opportunite pour le travail au Vietnam. Trouver un stage au Vietnam pour enrichir les experience\" \/>\n<meta name=\"robots\" content=\"index, follow, max-snippet:-1, max-image-preview:large, max-video-preview:-1\" \/>\n<link rel=\"canonical\" href=\"https:\/\/discoveryindochina.com\/fr\/emploi\/\" \/>\n<meta property=\"og:locale\" content=\"fr_FR\" \/>\n<meta property=\"og:type\" content=\"article\" \/>\n<meta property=\"og:title\" content=\"Emploi Vietnam, Travail Vietnam, Opportunite de travailler au Vietnam\" \/>\n<meta property=\"og:description\" content=\"Emploi Vietnam, Travail Vietnam, Opportunite pour le travail au Vietnam. Trouver un stage au Vietnam pour enrichir les experience\" \/>\n<meta property=\"og:url\" content=\"https:\/\/discoveryindochina.com\/fr\/emploi\/\" \/>\n<meta property=\"og:site_name\" content=\"Vietnam agence de voyages et tour-op\u00e9rateur local sp\u00e9cialiste des tours de cultures et d&#039;aventures\" \/>\n<meta property=\"article:publisher\" content=\"https:\/\/www.facebook.com\/pages\/Discovery-Indochina\/110002685682824\" \/>\n<meta property=\"article:modified_time\" content=\"2016-11-29T09:52:55+00:00\" \/>\n<meta property=\"og:image\" content=\"https:\/\/discoveryindochina.com\/wp-content\/uploads\/2014\/10\/discovery-indochina-careers.jpg\" \/>\n<script type=\"application\/ld+json\" class=\"yoast-schema-graph\">{\"@context\":\"https:\/\/schema.org\",\"@graph\":[{\"@type\":\"WebSite\",\"@id\":\"https:\/\/discoveryindochina.com\/fr\/#website\",\"url\":\"https:\/\/discoveryindochina.com\/fr\/\",\"name\":\"Vietnam agence de voyages et tour-op\u00e9rateur local sp\u00e9cialiste des tours de cultures et d&#039;aventures\",\"description\":\"\",\"potentialAction\":[{\"@type\":\"SearchAction\",\"target\":{\"@type\":\"EntryPoint\",\"urlTemplate\":\"https:\/\/discoveryindochina.com\/fr\/?s={search_term_string}\"},\"query-input\":\"required name=search_term_string\"}],\"inLanguage\":\"fr-FR\"},{\"@type\":\"ImageObject\",\"inLanguage\":\"fr-FR\",\"@id\":\"https:\/\/discoveryindochina.com\/fr\/emploi\/#primaryimage\",\"url\":\"https:\/\/discoveryindochina.com\/wp-content\/uploads\/2014\/10\/discovery-indochina-careers.jpg\",\"contentUrl\":\"https:\/\/discoveryindochina.com\/wp-content\/uploads\/2014\/10\/discovery-indochina-careers.jpg\"},{\"@type\":\"WebPage\",\"@id\":\"https:\/\/discoveryindochina.com\/fr\/emploi\/#webpage\",\"url\":\"https:\/\/discoveryindochina.com\/fr\/emploi\/\",\"name\":\"Emploi Vietnam, Travail Vietnam, Opportunite de travailler au Vietnam\",\"isPartOf\":{\"@id\":\"https:\/\/discoveryindochina.com\/fr\/#website\"},\"primaryImageOfPage\":{\"@id\":\"https:\/\/discoveryindochina.com\/fr\/emploi\/#primaryimage\"},\"datePublished\":\"2015-06-18T09:15:54+00:00\",\"dateModified\":\"2016-11-29T09:52:55+00:00\",\"description\":\"Emploi Vietnam, Travail Vietnam, Opportunite pour le travail au Vietnam. Trouver un stage au Vietnam pour enrichir les experience\",\"breadcrumb\":{\"@id\":\"https:\/\/discoveryindochina.com\/fr\/emploi\/#breadcrumb\"},\"inLanguage\":\"fr-FR\",\"potentialAction\":[{\"@type\":\"ReadAction\",\"target\":[\"https:\/\/discoveryindochina.com\/fr\/emploi\/\"]}]},{\"@type\":\"BreadcrumbList\",\"@id\":\"https:\/\/discoveryindochina.com\/fr\/emploi\/#breadcrumb\",\"itemListElement\":[{\"@type\":\"ListItem\",\"position\":1,\"name\":\"Home\",\"item\":\"https:\/\/discoveryindochina.com\/fr\/\"},{\"@type\":\"ListItem\",\"position\":2,\"name\":\"Emploi chez Agence Discovery Indochina\"}]}]}<\/script>\n<!-- \/ Yoast SEO plugin. -->","yoast_head_json":{"title":"Emploi Vietnam, Travail Vietnam, Opportunite de travailler au Vietnam","description":"Emploi Vietnam, Travail Vietnam, Opportunite pour le travail au Vietnam. Trouver un stage au Vietnam pour enrichir les experience","robots":{"index":"index","follow":"follow","max-snippet":"max-snippet:-1","max-image-preview":"max-image-preview:large","max-video-preview":"max-video-preview:-1"},"canonical":"https:\/\/discoveryindochina.com\/fr\/emploi\/","og_locale":"fr_FR","og_type":"article","og_title":"Emploi Vietnam, Travail Vietnam, Opportunite de travailler au Vietnam","og_description":"Emploi Vietnam, Travail Vietnam, Opportunite pour le travail au Vietnam. Trouver un stage au Vietnam pour enrichir les experience","og_url":"https:\/\/discoveryindochina.com\/fr\/emploi\/","og_site_name":"Vietnam agence de voyages et tour-op\u00e9rateur local sp\u00e9cialiste des tours de cultures et d&#039;aventures","article_publisher":"https:\/\/www.facebook.com\/pages\/Discovery-Indochina\/110002685682824","article_modified_time":"2016-11-29T09:52:55+00:00","og_image":[{"url":"https:\/\/discoveryindochina.com\/wp-content\/uploads\/2014\/10\/discovery-indochina-careers.jpg"}],"schema":{"@context":"https:\/\/schema.org","@graph":[{"@type":"WebSite","@id":"https:\/\/discoveryindochina.com\/fr\/#website","url":"https:\/\/discoveryindochina.com\/fr\/","name":"Vietnam agence de voyages et tour-op\u00e9rateur local sp\u00e9cialiste des tours de cultures et d&#039;aventures","description":"","potentialAction":[{"@type":"SearchAction","target":{"@type":"EntryPoint","urlTemplate":"https:\/\/discoveryindochina.com\/fr\/?s={search_term_string}"},"query-input":"required name=search_term_string"}],"inLanguage":"fr-FR"},{"@type":"ImageObject","inLanguage":"fr-FR","@id":"https:\/\/discoveryindochina.com\/fr\/emploi\/#primaryimage","url":"https:\/\/discoveryindochina.com\/wp-content\/uploads\/2014\/10\/discovery-indochina-careers.jpg","contentUrl":"https:\/\/discoveryindochina.com\/wp-content\/uploads\/2014\/10\/discovery-indochina-careers.jpg"},{"@type":"WebPage","@id":"https:\/\/discoveryindochina.com\/fr\/emploi\/#webpage","url":"https:\/\/discoveryindochina.com\/fr\/emploi\/","name":"Emploi Vietnam, Travail Vietnam, Opportunite de travailler au Vietnam","isPartOf":{"@id":"https:\/\/discoveryindochina.com\/fr\/#website"},"primaryImageOfPage":{"@id":"https:\/\/discoveryindochina.com\/fr\/emploi\/#primaryimage"},"datePublished":"2015-06-18T09:15:54+00:00","dateModified":"2016-11-29T09:52:55+00:00","description":"Emploi Vietnam, Travail Vietnam, Opportunite pour le travail au Vietnam. Trouver un stage au Vietnam pour enrichir les experience","breadcrumb":{"@id":"https:\/\/discoveryindochina.com\/fr\/emploi\/#breadcrumb"},"inLanguage":"fr-FR","potentialAction":[{"@type":"ReadAction","target":["https:\/\/discoveryindochina.com\/fr\/emploi\/"]}]},{"@type":"BreadcrumbList","@id":"https:\/\/discoveryindochina.com\/fr\/emploi\/#breadcrumb","itemListElement":[{"@type":"ListItem","position":1,"name":"Home","item":"https:\/\/discoveryindochina.com\/fr\/"},{"@type":"ListItem","position":2,"name":"Emploi chez Agence Discovery Indochina"}]}]}},"_links":{"self":[{"href":"https:\/\/discoveryindochina.com\/fr\/wp-json\/wp\/v2\/pages\/18688"}],"collection":[{"href":"https:\/\/discoveryindochina.com\/fr\/wp-json\/wp\/v2\/pages"}],"about":[{"href":"https:\/\/discoveryindochina.com\/fr\/wp-json\/wp\/v2\/types\/page"}],"author":[{"embeddable":true,"href":"https:\/\/discoveryindochina.com\/fr\/wp-json\/wp\/v2\/users\/3"}],"replies":[{"embeddable":true,"href":"https:\/\/discoveryindochina.com\/fr\/wp-json\/wp\/v2\/comments?post=18688"}],"version-history":[{"count":3,"href":"https:\/\/discoveryindochina.com\/fr\/wp-json\/wp\/v2\/pages\/18688\/revisions"}],"predecessor-version":[{"id":21333,"href":"https:\/\/discoveryindochina.com\/fr\/wp-json\/wp\/v2\/pages\/18688\/revisions\/21333"}],"wp:attachment":[{"href":"https:\/\/discoveryindochina.com\/fr\/wp-json\/wp\/v2\/media?parent=18688"}],"curies":[{"name":"wp","href":"https:\/\/api.w.org\/{rel}","templated":true}]}}