{"id":20038,"date":"2016-05-10T08:54:47","date_gmt":"2016-05-10T08:54:47","guid":{"rendered":"http:\/\/discoveryindochina.com\/_NEW\/fr\/?page_id=20038"},"modified":"2017-10-09T08:03:22","modified_gmt":"2017-10-09T08:03:22","slug":"partir-a-decouverte-de-lindochine-discovery-indochina","status":"publish","type":"page","link":"https:\/\/discoveryindochina.com\/fr\/partir-a-decouverte-de-lindochine-discovery-indochina\/","title":{"rendered":"Partir \u00e0 la D\u00e9couverte de l\u2019Indochine avec Discovery Indochina"},"content":{"rendered":"<p style=\"text-align: justify;\"><span style=\"font-size: 14pt; font-family: arial, helvetica, sans-serif;\">Agence de Voyage Francophone, Sp\u00e9cialiste de voyage individuel et sur mesure, Discovery Indochina vous propose des offres de prestations dans plusieurs pays d&rsquo;Asie du Sud-Est tel que le Viet Nam, le Laos, le Cambodge ainsi que la Birmanie. Notre agence met\u00a0l\u2019accent sur le\u00a0voyage\u00a0 \u00ab\u00a0culturel et d&rsquo;aventure\u00a0\u00bb pour vous proposer une immersion totale et une exp\u00e9rience unique. Accompagn\u00e9 de guides dynamiques, professionels et \u00e0 votre \u00e9coute, go\u00fbter \u00e0 des s\u00e9jours personnalis\u00e9s.<\/span><\/p>\n<p style=\"text-align: justify;\"><span style=\"font-size: 14pt; font-family: arial, helvetica, sans-serif;\">L&rsquo;efficacit\u00e9 de nos services est le fruit de recherche et de travail avec une \u00e9quipe comp\u00e9tente et enthousiaste de vous faire d\u00e9couvrir les richesses de ces pays.\u00a0Discovery Indochina est soucieuse de promouvoir\u00a0 des activit\u00e9s qui assurent un d\u00e9veloppement durable, la protection de l\u2019environnement, et le respect des cultures et des traditions.<\/span><\/p>\n","protected":false},"excerpt":{"rendered":"<p>Agence de Voyage Francophone, Sp\u00e9cialiste de voyage individuel et sur mesure, Discovery Indochina vous propose des offres de prestations dans plusieurs pays d&rsquo;Asie du Sud-Est tel que le Viet Nam, le Laos, le Cambodge ainsi que la Birmanie. Notre agence met\u00a0l\u2019accent sur le\u00a0voyage\u00a0 \u00ab\u00a0culturel et d&rsquo;aventure\u00a0\u00bb pour vous proposer une immersion totale et une exp\u00e9rience unique. Accompagn\u00e9 de guides dynamiques, professionels et \u00e0 votre \u00e9coute, go\u00fbter \u00e0 des s\u00e9jours personnalis\u00e9s.<\/p>\n<p>L&rsquo;efficacit\u00e9 de nos services est le fruit de recherche et de travail avec une \u00e9quipe comp\u00e9tente et enthousiaste de vous faire d\u00e9couvrir les richesses de ces pays.\u00a0Discovery Indochina est soucieuse de promouvoir\u00a0 des activit\u00e9s qui assurent un d\u00e9veloppement durable, la protection de l\u2019environnement, et le respect des cultures et des traditions.<\/p>\n","protected":false},"author":1,"featured_media":0,"parent":0,"menu_order":0,"comment_status":"closed","ping_status":"closed","template":"","meta":[],"yoast_head":"<!-- This site is optimized with the Yoast SEO plugin v18.9 - https:\/\/yoast.com\/wordpress\/plugins\/seo\/ -->\n<title>Partir \u00e0 la D\u00e9couverte de l\u2019Indochine avec Discovery Indochina<\/title>\n<meta name=\"robots\" content=\"index, follow, max-snippet:-1, max-image-preview:large, max-video-preview:-1\" \/>\n<link rel=\"canonical\" href=\"https:\/\/discoveryindochina.com\/fr\/partir-a-decouverte-de-lindochine-discovery-indochina\/\" \/>\n<meta property=\"og:locale\" content=\"fr_FR\" \/>\n<meta property=\"og:type\" content=\"article\" \/>\n<meta property=\"og:title\" content=\"Partir \u00e0 la D\u00e9couverte de l\u2019Indochine avec Discovery Indochina\" \/>\n<meta property=\"og:description\" content=\"Agence de Voyage Francophone, Sp\u00e9cialiste de voyage individuel et sur mesure, Discovery Indochina vous propose des offres de prestations dans plusieurs pays d&#039;Asie du Sud-Est tel que le Viet Nam, le Laos, le Cambodge ainsi que la Birmanie. Notre agence met\u00a0l\u2019accent sur le\u00a0voyage\u00a0 &quot;culturel et d&#039;aventure&quot; pour vous proposer une immersion totale et une exp\u00e9rience unique. Accompagn\u00e9 de guides dynamiques, professionels et \u00e0 votre \u00e9coute, go\u00fbter \u00e0 des s\u00e9jours personnalis\u00e9s.  L&#039;efficacit\u00e9 de nos services est le fruit de recherche et de travail avec une \u00e9quipe comp\u00e9tente et enthousiaste de vous faire d\u00e9couvrir les richesses de ces pays.\u00a0Discovery Indochina est soucieuse de promouvoir\u00a0 des activit\u00e9s qui assurent un d\u00e9veloppement durable, la protection de l\u2019environnement, et le respect des cultures et des traditions.\" \/>\n<meta property=\"og:url\" content=\"https:\/\/discoveryindochina.com\/fr\/partir-a-decouverte-de-lindochine-discovery-indochina\/\" \/>\n<meta property=\"og:site_name\" content=\"Vietnam agence de voyages et tour-op\u00e9rateur local sp\u00e9cialiste des tours de cultures et d&#039;aventures\" \/>\n<meta property=\"article:publisher\" content=\"https:\/\/www.facebook.com\/pages\/Discovery-Indochina\/110002685682824\" \/>\n<meta property=\"article:modified_time\" content=\"2017-10-09T08:03:22+00:00\" \/>\n<meta name=\"twitter:label1\" content=\"Dur\u00e9e de lecture estim\u00e9e\" \/>\n\t<meta name=\"twitter:data1\" content=\"1 minute\" \/>\n<script type=\"application\/ld+json\" class=\"yoast-schema-graph\">{\"@context\":\"https:\/\/schema.org\",\"@graph\":[{\"@type\":\"WebSite\",\"@id\":\"https:\/\/discoveryindochina.com\/fr\/#website\",\"url\":\"https:\/\/discoveryindochina.com\/fr\/\",\"name\":\"Vietnam agence de voyages et tour-op\u00e9rateur local sp\u00e9cialiste des tours de cultures et d&#039;aventures\",\"description\":\"\",\"potentialAction\":[{\"@type\":\"SearchAction\",\"target\":{\"@type\":\"EntryPoint\",\"urlTemplate\":\"https:\/\/discoveryindochina.com\/fr\/?s={search_term_string}\"},\"query-input\":\"required name=search_term_string\"}],\"inLanguage\":\"fr-FR\"},{\"@type\":\"WebPage\",\"@id\":\"https:\/\/discoveryindochina.com\/fr\/partir-a-decouverte-de-lindochine-discovery-indochina\/#webpage\",\"url\":\"https:\/\/discoveryindochina.com\/fr\/partir-a-decouverte-de-lindochine-discovery-indochina\/\",\"name\":\"Partir \u00e0 la D\u00e9couverte de l\u2019Indochine avec Discovery Indochina\",\"isPartOf\":{\"@id\":\"https:\/\/discoveryindochina.com\/fr\/#website\"},\"datePublished\":\"2016-05-10T08:54:47+00:00\",\"dateModified\":\"2017-10-09T08:03:22+00:00\",\"breadcrumb\":{\"@id\":\"https:\/\/discoveryindochina.com\/fr\/partir-a-decouverte-de-lindochine-discovery-indochina\/#breadcrumb\"},\"inLanguage\":\"fr-FR\",\"potentialAction\":[{\"@type\":\"ReadAction\",\"target\":[\"https:\/\/discoveryindochina.com\/fr\/partir-a-decouverte-de-lindochine-discovery-indochina\/\"]}]},{\"@type\":\"BreadcrumbList\",\"@id\":\"https:\/\/discoveryindochina.com\/fr\/partir-a-decouverte-de-lindochine-discovery-indochina\/#breadcrumb\",\"itemListElement\":[{\"@type\":\"ListItem\",\"position\":1,\"name\":\"Home\",\"item\":\"https:\/\/discoveryindochina.com\/fr\/\"},{\"@type\":\"ListItem\",\"position\":2,\"name\":\"Partir \u00e0 la D\u00e9couverte de l\u2019Indochine avec Discovery Indochina\"}]}]}<\/script>\n<!-- \/ Yoast SEO plugin. -->","yoast_head_json":{"title":"Partir \u00e0 la D\u00e9couverte de l\u2019Indochine avec Discovery Indochina","robots":{"index":"index","follow":"follow","max-snippet":"max-snippet:-1","max-image-preview":"max-image-preview:large","max-video-preview":"max-video-preview:-1"},"canonical":"https:\/\/discoveryindochina.com\/fr\/partir-a-decouverte-de-lindochine-discovery-indochina\/","og_locale":"fr_FR","og_type":"article","og_title":"Partir \u00e0 la D\u00e9couverte de l\u2019Indochine avec Discovery Indochina","og_description":"Agence de Voyage Francophone, Sp\u00e9cialiste de voyage individuel et sur mesure, Discovery Indochina vous propose des offres de prestations dans plusieurs pays d'Asie du Sud-Est tel que le Viet Nam, le Laos, le Cambodge ainsi que la Birmanie. Notre agence met\u00a0l\u2019accent sur le\u00a0voyage\u00a0 \"culturel et d'aventure\" pour vous proposer une immersion totale et une exp\u00e9rience unique. Accompagn\u00e9 de guides dynamiques, professionels et \u00e0 votre \u00e9coute, go\u00fbter \u00e0 des s\u00e9jours personnalis\u00e9s.  L'efficacit\u00e9 de nos services est le fruit de recherche et de travail avec une \u00e9quipe comp\u00e9tente et enthousiaste de vous faire d\u00e9couvrir les richesses de ces pays.\u00a0Discovery Indochina est soucieuse de promouvoir\u00a0 des activit\u00e9s qui assurent un d\u00e9veloppement durable, la protection de l\u2019environnement, et le respect des cultures et des traditions.","og_url":"https:\/\/discoveryindochina.com\/fr\/partir-a-decouverte-de-lindochine-discovery-indochina\/","og_site_name":"Vietnam agence de voyages et tour-op\u00e9rateur local sp\u00e9cialiste des tours de cultures et d&#039;aventures","article_publisher":"https:\/\/www.facebook.com\/pages\/Discovery-Indochina\/110002685682824","article_modified_time":"2017-10-09T08:03:22+00:00","twitter_misc":{"Dur\u00e9e de lecture estim\u00e9e":"1 minute"},"schema":{"@context":"https:\/\/schema.org","@graph":[{"@type":"WebSite","@id":"https:\/\/discoveryindochina.com\/fr\/#website","url":"https:\/\/discoveryindochina.com\/fr\/","name":"Vietnam agence de voyages et tour-op\u00e9rateur local sp\u00e9cialiste des tours de cultures et d&#039;aventures","description":"","potentialAction":[{"@type":"SearchAction","target":{"@type":"EntryPoint","urlTemplate":"https:\/\/discoveryindochina.com\/fr\/?s={search_term_string}"},"query-input":"required name=search_term_string"}],"inLanguage":"fr-FR"},{"@type":"WebPage","@id":"https:\/\/discoveryindochina.com\/fr\/partir-a-decouverte-de-lindochine-discovery-indochina\/#webpage","url":"https:\/\/discoveryindochina.com\/fr\/partir-a-decouverte-de-lindochine-discovery-indochina\/","name":"Partir \u00e0 la D\u00e9couverte de l\u2019Indochine avec Discovery Indochina","isPartOf":{"@id":"https:\/\/discoveryindochina.com\/fr\/#website"},"datePublished":"2016-05-10T08:54:47+00:00","dateModified":"2017-10-09T08:03:22+00:00","breadcrumb":{"@id":"https:\/\/discoveryindochina.com\/fr\/partir-a-decouverte-de-lindochine-discovery-indochina\/#breadcrumb"},"inLanguage":"fr-FR","potentialAction":[{"@type":"ReadAction","target":["https:\/\/discoveryindochina.com\/fr\/partir-a-decouverte-de-lindochine-discovery-indochina\/"]}]},{"@type":"BreadcrumbList","@id":"https:\/\/discoveryindochina.com\/fr\/partir-a-decouverte-de-lindochine-discovery-indochina\/#breadcrumb","itemListElement":[{"@type":"ListItem","position":1,"name":"Home","item":"https:\/\/discoveryindochina.com\/fr\/"},{"@type":"ListItem","position":2,"name":"Partir \u00e0 la D\u00e9couverte de l\u2019Indochine avec Discovery Indochina"}]}]}},"_links":{"self":[{"href":"https:\/\/discoveryindochina.com\/fr\/wp-json\/wp\/v2\/pages\/20038"}],"collection":[{"href":"https:\/\/discoveryindochina.com\/fr\/wp-json\/wp\/v2\/pages"}],"about":[{"href":"https:\/\/discoveryindochina.com\/fr\/wp-json\/wp\/v2\/types\/page"}],"author":[{"embeddable":true,"href":"https:\/\/discoveryindochina.com\/fr\/wp-json\/wp\/v2\/users\/1"}],"replies":[{"embeddable":true,"href":"https:\/\/discoveryindochina.com\/fr\/wp-json\/wp\/v2\/comments?post=20038"}],"version-history":[{"count":4,"href":"https:\/\/discoveryindochina.com\/fr\/wp-json\/wp\/v2\/pages\/20038\/revisions"}],"predecessor-version":[{"id":22603,"href":"https:\/\/discoveryindochina.com\/fr\/wp-json\/wp\/v2\/pages\/20038\/revisions\/22603"}],"wp:attachment":[{"href":"https:\/\/discoveryindochina.com\/fr\/wp-json\/wp\/v2\/media?parent=20038"}],"curies":[{"name":"wp","href":"https:\/\/api.w.org\/{rel}","templated":true}]}}