{"id":20061,"date":"2016-05-12T03:27:33","date_gmt":"2016-05-12T03:27:33","guid":{"rendered":"https:\/\/discoveryindochina.com\/fr\/?page_id=20061"},"modified":"2017-05-06T04:33:26","modified_gmt":"2017-05-06T04:33:26","slug":"dina-fondation","status":"publish","type":"page","link":"https:\/\/discoveryindochina.com\/fr\/dina-fondation\/","title":{"rendered":"Dina Fondation"},"content":{"rendered":"<p style=\"text-align: justify;\">La Fondation de DINA constitue\u00a0un fonds sans but lucratif qui distribue 1 + 1 + 1 (1% du capital du\u00a0propri\u00e9taire + \u00a01% du temps de tous les membres\u00a0et 1% de produits) qui contribuent \u00e0 l&rsquo;\u00e9ducation, au\u00a0bien-\u00eatre des enfants, au\u00a0d\u00e9veloppement durable et \u00e0\u00a0la protection de l&rsquo;environnement, de la faune sauvage et charit\u00e9.<\/p>\n<p style=\"text-align: justify;\">Contribuant \u00e0 l&rsquo;un des nombreux projets soutenus par notre agent, la Fondation de Dina vous apporte\u00a0la chance d&rsquo;aider aux endroits o\u00f9\u00a0vous avez voyag\u00e9 et \u00a0\u00e0 am\u00e9liorer la vie dans le monde entier.<\/p>\n<p style=\"text-align: justify;\">Le Fonds pour les projets communautaires Dina soutient autour de nombreux villageois qui font un excellent travail dans des destinations d&rsquo;exploitation Discovery Indochine. Beaucoup de ces familles et les communaut\u00e9s et leurs projets peuvent \u00eatre visit\u00e9s pendant votre voyage.<br \/>\nLe Charity Fund supporte une gamme de voyages de charit\u00e9 dans les villages de la campagne, o\u00f9 les enfants ont d\u00e9sesp\u00e9r\u00e9ment besoin des deux mat\u00e9riaux, types, de temps et d&rsquo;amour supports. Tous les dons faits \u00e0 ce fonds sont \u00e9galement r\u00e9partis chaque ann\u00e9e, avec la moiti\u00e9 de retenue pour conserver et faire cro\u00eetre le capital pour les projets de financement dans le futur et la moiti\u00e9 distribu\u00e9s \u00e0 notre voyage en cours que vous pourriez participer<\/p>\n","protected":false},"excerpt":{"rendered":"<p>La Fondation de DINA constitue\u00a0un fonds sans but lucratif qui distribue 1 + 1 + 1 (1% du capital du\u00a0propri\u00e9taire + \u00a01% du temps de tous les membres\u00a0et 1% de produits) qui contribuent \u00e0 l&rsquo;\u00e9ducation, au\u00a0bien-\u00eatre des enfants, au\u00a0d\u00e9veloppement durable et \u00e0\u00a0la protection de l&rsquo;environnement, de la faune sauvage et charit\u00e9. Contribuant \u00e0 l&rsquo;un des [&hellip;]<\/p>\n","protected":false},"author":1,"featured_media":0,"parent":0,"menu_order":0,"comment_status":"closed","ping_status":"closed","template":"","meta":[],"yoast_head":"<!-- This site is optimized with the Yoast SEO plugin v18.9 - https:\/\/yoast.com\/wordpress\/plugins\/seo\/ -->\n<title>Dina Fondation<\/title>\n<meta name=\"robots\" content=\"index, follow, max-snippet:-1, max-image-preview:large, max-video-preview:-1\" \/>\n<link rel=\"canonical\" href=\"https:\/\/discoveryindochina.com\/fr\/dina-fondation\/\" \/>\n<meta property=\"og:locale\" content=\"fr_FR\" \/>\n<meta property=\"og:type\" content=\"article\" \/>\n<meta property=\"og:title\" content=\"Dina Fondation\" \/>\n<meta property=\"og:description\" content=\"La Fondation de DINA constitue\u00a0un fonds sans but lucratif qui distribue 1 + 1 + 1 (1% du capital du\u00a0propri\u00e9taire + \u00a01% du temps de tous les membres\u00a0et 1% de produits) qui contribuent \u00e0 l&rsquo;\u00e9ducation, au\u00a0bien-\u00eatre des enfants, au\u00a0d\u00e9veloppement durable et \u00e0\u00a0la protection de l&rsquo;environnement, de la faune sauvage et charit\u00e9. Contribuant \u00e0 l&rsquo;un des [&hellip;]\" \/>\n<meta property=\"og:url\" content=\"https:\/\/discoveryindochina.com\/fr\/dina-fondation\/\" \/>\n<meta property=\"og:site_name\" content=\"Vietnam agence de voyages et tour-op\u00e9rateur local sp\u00e9cialiste des tours de cultures et d&#039;aventures\" \/>\n<meta property=\"article:publisher\" content=\"https:\/\/www.facebook.com\/pages\/Discovery-Indochina\/110002685682824\" \/>\n<meta property=\"article:modified_time\" content=\"2017-05-06T04:33:26+00:00\" \/>\n<meta name=\"twitter:label1\" content=\"Dur\u00e9e de lecture estim\u00e9e\" \/>\n\t<meta name=\"twitter:data1\" content=\"1 minute\" \/>\n<script type=\"application\/ld+json\" class=\"yoast-schema-graph\">{\"@context\":\"https:\/\/schema.org\",\"@graph\":[{\"@type\":\"WebSite\",\"@id\":\"https:\/\/discoveryindochina.com\/fr\/#website\",\"url\":\"https:\/\/discoveryindochina.com\/fr\/\",\"name\":\"Vietnam agence de voyages et tour-op\u00e9rateur local sp\u00e9cialiste des tours de cultures et d&#039;aventures\",\"description\":\"\",\"potentialAction\":[{\"@type\":\"SearchAction\",\"target\":{\"@type\":\"EntryPoint\",\"urlTemplate\":\"https:\/\/discoveryindochina.com\/fr\/?s={search_term_string}\"},\"query-input\":\"required name=search_term_string\"}],\"inLanguage\":\"fr-FR\"},{\"@type\":\"WebPage\",\"@id\":\"https:\/\/discoveryindochina.com\/fr\/dina-fondation\/#webpage\",\"url\":\"https:\/\/discoveryindochina.com\/fr\/dina-fondation\/\",\"name\":\"Dina Fondation\",\"isPartOf\":{\"@id\":\"https:\/\/discoveryindochina.com\/fr\/#website\"},\"datePublished\":\"2016-05-12T03:27:33+00:00\",\"dateModified\":\"2017-05-06T04:33:26+00:00\",\"breadcrumb\":{\"@id\":\"https:\/\/discoveryindochina.com\/fr\/dina-fondation\/#breadcrumb\"},\"inLanguage\":\"fr-FR\",\"potentialAction\":[{\"@type\":\"ReadAction\",\"target\":[\"https:\/\/discoveryindochina.com\/fr\/dina-fondation\/\"]}]},{\"@type\":\"BreadcrumbList\",\"@id\":\"https:\/\/discoveryindochina.com\/fr\/dina-fondation\/#breadcrumb\",\"itemListElement\":[{\"@type\":\"ListItem\",\"position\":1,\"name\":\"Home\",\"item\":\"https:\/\/discoveryindochina.com\/fr\/\"},{\"@type\":\"ListItem\",\"position\":2,\"name\":\"Dina Fondation\"}]}]}<\/script>\n<!-- \/ Yoast SEO plugin. -->","yoast_head_json":{"title":"Dina Fondation","robots":{"index":"index","follow":"follow","max-snippet":"max-snippet:-1","max-image-preview":"max-image-preview:large","max-video-preview":"max-video-preview:-1"},"canonical":"https:\/\/discoveryindochina.com\/fr\/dina-fondation\/","og_locale":"fr_FR","og_type":"article","og_title":"Dina Fondation","og_description":"La Fondation de DINA constitue\u00a0un fonds sans but lucratif qui distribue 1 + 1 + 1 (1% du capital du\u00a0propri\u00e9taire + \u00a01% du temps de tous les membres\u00a0et 1% de produits) qui contribuent \u00e0 l&rsquo;\u00e9ducation, au\u00a0bien-\u00eatre des enfants, au\u00a0d\u00e9veloppement durable et \u00e0\u00a0la protection de l&rsquo;environnement, de la faune sauvage et charit\u00e9. Contribuant \u00e0 l&rsquo;un des [&hellip;]","og_url":"https:\/\/discoveryindochina.com\/fr\/dina-fondation\/","og_site_name":"Vietnam agence de voyages et tour-op\u00e9rateur local sp\u00e9cialiste des tours de cultures et d&#039;aventures","article_publisher":"https:\/\/www.facebook.com\/pages\/Discovery-Indochina\/110002685682824","article_modified_time":"2017-05-06T04:33:26+00:00","twitter_misc":{"Dur\u00e9e de lecture estim\u00e9e":"1 minute"},"schema":{"@context":"https:\/\/schema.org","@graph":[{"@type":"WebSite","@id":"https:\/\/discoveryindochina.com\/fr\/#website","url":"https:\/\/discoveryindochina.com\/fr\/","name":"Vietnam agence de voyages et tour-op\u00e9rateur local sp\u00e9cialiste des tours de cultures et d&#039;aventures","description":"","potentialAction":[{"@type":"SearchAction","target":{"@type":"EntryPoint","urlTemplate":"https:\/\/discoveryindochina.com\/fr\/?s={search_term_string}"},"query-input":"required name=search_term_string"}],"inLanguage":"fr-FR"},{"@type":"WebPage","@id":"https:\/\/discoveryindochina.com\/fr\/dina-fondation\/#webpage","url":"https:\/\/discoveryindochina.com\/fr\/dina-fondation\/","name":"Dina Fondation","isPartOf":{"@id":"https:\/\/discoveryindochina.com\/fr\/#website"},"datePublished":"2016-05-12T03:27:33+00:00","dateModified":"2017-05-06T04:33:26+00:00","breadcrumb":{"@id":"https:\/\/discoveryindochina.com\/fr\/dina-fondation\/#breadcrumb"},"inLanguage":"fr-FR","potentialAction":[{"@type":"ReadAction","target":["https:\/\/discoveryindochina.com\/fr\/dina-fondation\/"]}]},{"@type":"BreadcrumbList","@id":"https:\/\/discoveryindochina.com\/fr\/dina-fondation\/#breadcrumb","itemListElement":[{"@type":"ListItem","position":1,"name":"Home","item":"https:\/\/discoveryindochina.com\/fr\/"},{"@type":"ListItem","position":2,"name":"Dina Fondation"}]}]}},"_links":{"self":[{"href":"https:\/\/discoveryindochina.com\/fr\/wp-json\/wp\/v2\/pages\/20061"}],"collection":[{"href":"https:\/\/discoveryindochina.com\/fr\/wp-json\/wp\/v2\/pages"}],"about":[{"href":"https:\/\/discoveryindochina.com\/fr\/wp-json\/wp\/v2\/types\/page"}],"author":[{"embeddable":true,"href":"https:\/\/discoveryindochina.com\/fr\/wp-json\/wp\/v2\/users\/1"}],"replies":[{"embeddable":true,"href":"https:\/\/discoveryindochina.com\/fr\/wp-json\/wp\/v2\/comments?post=20061"}],"version-history":[{"count":3,"href":"https:\/\/discoveryindochina.com\/fr\/wp-json\/wp\/v2\/pages\/20061\/revisions"}],"predecessor-version":[{"id":22112,"href":"https:\/\/discoveryindochina.com\/fr\/wp-json\/wp\/v2\/pages\/20061\/revisions\/22112"}],"wp:attachment":[{"href":"https:\/\/discoveryindochina.com\/fr\/wp-json\/wp\/v2\/media?parent=20061"}],"curies":[{"name":"wp","href":"https:\/\/api.w.org\/{rel}","templated":true}]}}