{"id":20082,"date":"2016-05-12T04:20:43","date_gmt":"2016-05-12T04:20:43","guid":{"rendered":"https:\/\/discoveryindochina.com\/fr\/?page_id=20082"},"modified":"2017-02-09T04:30:15","modified_gmt":"2017-02-09T04:30:15","slug":"payment","status":"publish","type":"page","link":"https:\/\/discoveryindochina.com\/fr\/payment\/","title":{"rendered":"Paiement"},"content":{"rendered":"<p>Vous pouvez effectuer le paiement en s\u00e9lectionnant l&rsquo;une des m\u00e9thodes suivantes<\/p>\n<div class=\"row text-center\">\n<div class=\"col-md-6\">\n<div class=\"bg-success\"><a style=\"display: block; padding: 30px; font-size: 1.2em;\" href=\"https:\/\/discoveryindochina.com\/fr\/paiment\/secure-payment\/\">Par carte de cr\u00e9dit\u00a0en ligne\u00a0<\/a><\/div>\n<\/div>\n<div class=\"col-md-6\">\n<div class=\"bg-success\"><a style=\"display: block; padding: 30px; font-size: 1.2em;\" href=\"https:\/\/discoveryindochina.com\/fr\/paiment\/virement\/\">Par\u00a0virement<\/a><\/div>\n<\/div>\n<\/div>\n","protected":false},"excerpt":{"rendered":"<p>Vous pouvez effectuer le paiement en s\u00e9lectionnant l&rsquo;une des m\u00e9thodes suivantes Par carte de cr\u00e9dit\u00a0en ligne\u00a0 Par\u00a0virement<\/p>\n","protected":false},"author":1,"featured_media":0,"parent":0,"menu_order":0,"comment_status":"closed","ping_status":"closed","template":"","meta":[],"yoast_head":"<!-- This site is optimized with the Yoast SEO plugin v18.9 - https:\/\/yoast.com\/wordpress\/plugins\/seo\/ -->\n<title>Paiement<\/title>\n<meta name=\"robots\" content=\"index, follow, max-snippet:-1, max-image-preview:large, max-video-preview:-1\" \/>\n<link rel=\"canonical\" href=\"https:\/\/discoveryindochina.com\/fr\/payment\/\" \/>\n<meta property=\"og:locale\" content=\"fr_FR\" \/>\n<meta property=\"og:type\" content=\"article\" \/>\n<meta property=\"og:title\" content=\"Paiement\" \/>\n<meta property=\"og:description\" content=\"Vous pouvez effectuer le paiement en s\u00e9lectionnant l&rsquo;une des m\u00e9thodes suivantes Par carte de cr\u00e9dit\u00a0en ligne\u00a0 Par\u00a0virement\" \/>\n<meta property=\"og:url\" content=\"https:\/\/discoveryindochina.com\/fr\/payment\/\" \/>\n<meta property=\"og:site_name\" content=\"Vietnam agence de voyages et tour-op\u00e9rateur local sp\u00e9cialiste des tours de cultures et d&#039;aventures\" \/>\n<meta property=\"article:publisher\" content=\"https:\/\/www.facebook.com\/pages\/Discovery-Indochina\/110002685682824\" \/>\n<meta property=\"article:modified_time\" content=\"2017-02-09T04:30:15+00:00\" \/>\n<script type=\"application\/ld+json\" class=\"yoast-schema-graph\">{\"@context\":\"https:\/\/schema.org\",\"@graph\":[{\"@type\":\"WebSite\",\"@id\":\"https:\/\/discoveryindochina.com\/fr\/#website\",\"url\":\"https:\/\/discoveryindochina.com\/fr\/\",\"name\":\"Vietnam agence de voyages et tour-op\u00e9rateur local sp\u00e9cialiste des tours de cultures et d&#039;aventures\",\"description\":\"\",\"potentialAction\":[{\"@type\":\"SearchAction\",\"target\":{\"@type\":\"EntryPoint\",\"urlTemplate\":\"https:\/\/discoveryindochina.com\/fr\/?s={search_term_string}\"},\"query-input\":\"required name=search_term_string\"}],\"inLanguage\":\"fr-FR\"},{\"@type\":\"WebPage\",\"@id\":\"https:\/\/discoveryindochina.com\/fr\/payment\/#webpage\",\"url\":\"https:\/\/discoveryindochina.com\/fr\/payment\/\",\"name\":\"Paiement\",\"isPartOf\":{\"@id\":\"https:\/\/discoveryindochina.com\/fr\/#website\"},\"datePublished\":\"2016-05-12T04:20:43+00:00\",\"dateModified\":\"2017-02-09T04:30:15+00:00\",\"breadcrumb\":{\"@id\":\"https:\/\/discoveryindochina.com\/fr\/payment\/#breadcrumb\"},\"inLanguage\":\"fr-FR\",\"potentialAction\":[{\"@type\":\"ReadAction\",\"target\":[\"https:\/\/discoveryindochina.com\/fr\/payment\/\"]}]},{\"@type\":\"BreadcrumbList\",\"@id\":\"https:\/\/discoveryindochina.com\/fr\/payment\/#breadcrumb\",\"itemListElement\":[{\"@type\":\"ListItem\",\"position\":1,\"name\":\"Home\",\"item\":\"https:\/\/discoveryindochina.com\/fr\/\"},{\"@type\":\"ListItem\",\"position\":2,\"name\":\"Paiement\"}]}]}<\/script>\n<!-- \/ Yoast SEO plugin. -->","yoast_head_json":{"title":"Paiement","robots":{"index":"index","follow":"follow","max-snippet":"max-snippet:-1","max-image-preview":"max-image-preview:large","max-video-preview":"max-video-preview:-1"},"canonical":"https:\/\/discoveryindochina.com\/fr\/payment\/","og_locale":"fr_FR","og_type":"article","og_title":"Paiement","og_description":"Vous pouvez effectuer le paiement en s\u00e9lectionnant l&rsquo;une des m\u00e9thodes suivantes Par carte de cr\u00e9dit\u00a0en ligne\u00a0 Par\u00a0virement","og_url":"https:\/\/discoveryindochina.com\/fr\/payment\/","og_site_name":"Vietnam agence de voyages et tour-op\u00e9rateur local sp\u00e9cialiste des tours de cultures et d&#039;aventures","article_publisher":"https:\/\/www.facebook.com\/pages\/Discovery-Indochina\/110002685682824","article_modified_time":"2017-02-09T04:30:15+00:00","schema":{"@context":"https:\/\/schema.org","@graph":[{"@type":"WebSite","@id":"https:\/\/discoveryindochina.com\/fr\/#website","url":"https:\/\/discoveryindochina.com\/fr\/","name":"Vietnam agence de voyages et tour-op\u00e9rateur local sp\u00e9cialiste des tours de cultures et d&#039;aventures","description":"","potentialAction":[{"@type":"SearchAction","target":{"@type":"EntryPoint","urlTemplate":"https:\/\/discoveryindochina.com\/fr\/?s={search_term_string}"},"query-input":"required name=search_term_string"}],"inLanguage":"fr-FR"},{"@type":"WebPage","@id":"https:\/\/discoveryindochina.com\/fr\/payment\/#webpage","url":"https:\/\/discoveryindochina.com\/fr\/payment\/","name":"Paiement","isPartOf":{"@id":"https:\/\/discoveryindochina.com\/fr\/#website"},"datePublished":"2016-05-12T04:20:43+00:00","dateModified":"2017-02-09T04:30:15+00:00","breadcrumb":{"@id":"https:\/\/discoveryindochina.com\/fr\/payment\/#breadcrumb"},"inLanguage":"fr-FR","potentialAction":[{"@type":"ReadAction","target":["https:\/\/discoveryindochina.com\/fr\/payment\/"]}]},{"@type":"BreadcrumbList","@id":"https:\/\/discoveryindochina.com\/fr\/payment\/#breadcrumb","itemListElement":[{"@type":"ListItem","position":1,"name":"Home","item":"https:\/\/discoveryindochina.com\/fr\/"},{"@type":"ListItem","position":2,"name":"Paiement"}]}]}},"_links":{"self":[{"href":"https:\/\/discoveryindochina.com\/fr\/wp-json\/wp\/v2\/pages\/20082"}],"collection":[{"href":"https:\/\/discoveryindochina.com\/fr\/wp-json\/wp\/v2\/pages"}],"about":[{"href":"https:\/\/discoveryindochina.com\/fr\/wp-json\/wp\/v2\/types\/page"}],"author":[{"embeddable":true,"href":"https:\/\/discoveryindochina.com\/fr\/wp-json\/wp\/v2\/users\/1"}],"replies":[{"embeddable":true,"href":"https:\/\/discoveryindochina.com\/fr\/wp-json\/wp\/v2\/comments?post=20082"}],"version-history":[{"count":4,"href":"https:\/\/discoveryindochina.com\/fr\/wp-json\/wp\/v2\/pages\/20082\/revisions"}],"predecessor-version":[{"id":21461,"href":"https:\/\/discoveryindochina.com\/fr\/wp-json\/wp\/v2\/pages\/20082\/revisions\/21461"}],"wp:attachment":[{"href":"https:\/\/discoveryindochina.com\/fr\/wp-json\/wp\/v2\/media?parent=20082"}],"curies":[{"name":"wp","href":"https:\/\/api.w.org\/{rel}","templated":true}]}}