{"id":20369,"date":"2016-05-20T07:13:25","date_gmt":"2016-05-20T07:13:25","guid":{"rendered":"https:\/\/discoveryindochina.com\/fr\/?page_id=20369"},"modified":"2017-02-09T04:25:38","modified_gmt":"2017-02-09T04:25:38","slug":"virement","status":"publish","type":"page","link":"https:\/\/discoveryindochina.com\/fr\/payment\/virement\/","title":{"rendered":"Paiement par virement"},"content":{"rendered":"<p>Le paiement doit \u00eatre r\u00e9gl\u00e9 en totalit\u00e9 30 jours ouvrables avant le d\u00e9part. Il doit \u00eatre fait en argent liquide, carte de cr\u00e9dit ou virement bancaire. Paiement par virement bancaire se fait \u00e0 notre compte suivant:<\/p>\n<table style=\"height: 272px;\" width=\"800\">\n<tbody>\n<tr>\n<td style=\"width: 389px;\">\n<p><strong><u>Notre compte en EURO<\/u><\/strong><\/p>\n<p>Account Name: <strong>Discovery Indochina<\/strong> Co., Ltd<br \/>\n Account Number:\u00a0 <strong>0011140952726<\/strong><br \/>\n Bank name: VIETCOMBANK<br \/>\n Address: 198 Tran Quang Khai str., Hanoi, Vietnam<br \/>\n Tel: +844-38 240880<br \/>\n SWIFT code: BFTVVNVX<br \/>\n Telex: 411504 VCB VT<br \/>\n Website: <a href=\"http:\/\/www.vietcombank.com.vn\">www.vietcombank.com.vn<\/a><\/p>\n<\/td>\n<td style=\"width: 395px;\">\n<p><strong><u>Notre compte en USD<\/u><\/strong><\/p>\n<p>Account Name: <strong>Discovery Indochina<\/strong> Co., Ltd<br \/>\n Account Number:\u00a0<strong> 0011370802400<\/strong><br \/>\n Bank name: VIETCOMBANK<br \/>\n Address: 198 Tran Quang Khai str., Hanoi, Vietnam<br \/>\n Tel: +844-38 240880<br \/>\n SWIFT code: BFTVVNVX<br \/>\n Telex: 411504 VCB VT<br \/>\n Website: <a href=\"http:\/\/www.vietcombank.com.vn\">www.vietcombank.com.vn<\/a><\/p>\n<\/td>\n<\/tr>\n<\/tbody>\n<\/table>\n","protected":false},"excerpt":{"rendered":"<p>Le paiement doit \u00eatre r\u00e9gl\u00e9 en totalit\u00e9 30 jours ouvrables avant le d\u00e9part. Il doit \u00eatre fait en argent liquide, carte de cr\u00e9dit ou virement bancaire. Paiement par virement bancaire se fait \u00e0 notre compte suivant: Notre compte en EURO Account Name: Discovery Indochina Co., Ltd Account Number:\u00a0 0011140952726 Bank name: VIETCOMBANK Address: 198 Tran [&hellip;]<\/p>\n","protected":false},"author":1,"featured_media":0,"parent":20082,"menu_order":0,"comment_status":"closed","ping_status":"closed","template":"","meta":[],"yoast_head":"<!-- This site is optimized with the Yoast SEO plugin v18.9 - https:\/\/yoast.com\/wordpress\/plugins\/seo\/ -->\n<title>Paiement par virement<\/title>\n<meta name=\"robots\" content=\"index, follow, max-snippet:-1, max-image-preview:large, max-video-preview:-1\" \/>\n<link rel=\"canonical\" href=\"https:\/\/discoveryindochina.com\/fr\/payment\/virement\/\" \/>\n<meta property=\"og:locale\" content=\"fr_FR\" \/>\n<meta property=\"og:type\" content=\"article\" \/>\n<meta property=\"og:title\" content=\"Paiement par virement\" \/>\n<meta property=\"og:description\" content=\"Le paiement doit \u00eatre r\u00e9gl\u00e9 en totalit\u00e9 30 jours ouvrables avant le d\u00e9part. Il doit \u00eatre fait en argent liquide, carte de cr\u00e9dit ou virement bancaire. Paiement par virement bancaire se fait \u00e0 notre compte suivant: Notre compte en EURO Account Name: Discovery Indochina Co., Ltd Account Number:\u00a0 0011140952726 Bank name: VIETCOMBANK Address: 198 Tran [&hellip;]\" \/>\n<meta property=\"og:url\" content=\"https:\/\/discoveryindochina.com\/fr\/payment\/virement\/\" \/>\n<meta property=\"og:site_name\" content=\"Vietnam agence de voyages et tour-op\u00e9rateur local sp\u00e9cialiste des tours de cultures et d&#039;aventures\" \/>\n<meta property=\"article:publisher\" content=\"https:\/\/www.facebook.com\/pages\/Discovery-Indochina\/110002685682824\" \/>\n<meta property=\"article:modified_time\" content=\"2017-02-09T04:25:38+00:00\" \/>\n<meta name=\"twitter:label1\" content=\"Dur\u00e9e de lecture estim\u00e9e\" \/>\n\t<meta name=\"twitter:data1\" content=\"1 minute\" \/>\n<script type=\"application\/ld+json\" class=\"yoast-schema-graph\">{\"@context\":\"https:\/\/schema.org\",\"@graph\":[{\"@type\":\"WebSite\",\"@id\":\"https:\/\/discoveryindochina.com\/fr\/#website\",\"url\":\"https:\/\/discoveryindochina.com\/fr\/\",\"name\":\"Vietnam agence de voyages et tour-op\u00e9rateur local sp\u00e9cialiste des tours de cultures et d&#039;aventures\",\"description\":\"\",\"potentialAction\":[{\"@type\":\"SearchAction\",\"target\":{\"@type\":\"EntryPoint\",\"urlTemplate\":\"https:\/\/discoveryindochina.com\/fr\/?s={search_term_string}\"},\"query-input\":\"required name=search_term_string\"}],\"inLanguage\":\"fr-FR\"},{\"@type\":\"WebPage\",\"@id\":\"https:\/\/discoveryindochina.com\/fr\/payment\/virement\/#webpage\",\"url\":\"https:\/\/discoveryindochina.com\/fr\/payment\/virement\/\",\"name\":\"Paiement par virement\",\"isPartOf\":{\"@id\":\"https:\/\/discoveryindochina.com\/fr\/#website\"},\"datePublished\":\"2016-05-20T07:13:25+00:00\",\"dateModified\":\"2017-02-09T04:25:38+00:00\",\"breadcrumb\":{\"@id\":\"https:\/\/discoveryindochina.com\/fr\/payment\/virement\/#breadcrumb\"},\"inLanguage\":\"fr-FR\",\"potentialAction\":[{\"@type\":\"ReadAction\",\"target\":[\"https:\/\/discoveryindochina.com\/fr\/payment\/virement\/\"]}]},{\"@type\":\"BreadcrumbList\",\"@id\":\"https:\/\/discoveryindochina.com\/fr\/payment\/virement\/#breadcrumb\",\"itemListElement\":[{\"@type\":\"ListItem\",\"position\":1,\"name\":\"Home\",\"item\":\"https:\/\/discoveryindochina.com\/fr\/\"},{\"@type\":\"ListItem\",\"position\":2,\"name\":\"Paiement\",\"item\":\"https:\/\/discoveryindochina.com\/fr\/payment\/\"},{\"@type\":\"ListItem\",\"position\":3,\"name\":\"Paiement par virement\"}]}]}<\/script>\n<!-- \/ Yoast SEO plugin. -->","yoast_head_json":{"title":"Paiement par virement","robots":{"index":"index","follow":"follow","max-snippet":"max-snippet:-1","max-image-preview":"max-image-preview:large","max-video-preview":"max-video-preview:-1"},"canonical":"https:\/\/discoveryindochina.com\/fr\/payment\/virement\/","og_locale":"fr_FR","og_type":"article","og_title":"Paiement par virement","og_description":"Le paiement doit \u00eatre r\u00e9gl\u00e9 en totalit\u00e9 30 jours ouvrables avant le d\u00e9part. Il doit \u00eatre fait en argent liquide, carte de cr\u00e9dit ou virement bancaire. Paiement par virement bancaire se fait \u00e0 notre compte suivant: Notre compte en EURO Account Name: Discovery Indochina Co., Ltd Account Number:\u00a0 0011140952726 Bank name: VIETCOMBANK Address: 198 Tran [&hellip;]","og_url":"https:\/\/discoveryindochina.com\/fr\/payment\/virement\/","og_site_name":"Vietnam agence de voyages et tour-op\u00e9rateur local sp\u00e9cialiste des tours de cultures et d&#039;aventures","article_publisher":"https:\/\/www.facebook.com\/pages\/Discovery-Indochina\/110002685682824","article_modified_time":"2017-02-09T04:25:38+00:00","twitter_misc":{"Dur\u00e9e de lecture estim\u00e9e":"1 minute"},"schema":{"@context":"https:\/\/schema.org","@graph":[{"@type":"WebSite","@id":"https:\/\/discoveryindochina.com\/fr\/#website","url":"https:\/\/discoveryindochina.com\/fr\/","name":"Vietnam agence de voyages et tour-op\u00e9rateur local sp\u00e9cialiste des tours de cultures et d&#039;aventures","description":"","potentialAction":[{"@type":"SearchAction","target":{"@type":"EntryPoint","urlTemplate":"https:\/\/discoveryindochina.com\/fr\/?s={search_term_string}"},"query-input":"required name=search_term_string"}],"inLanguage":"fr-FR"},{"@type":"WebPage","@id":"https:\/\/discoveryindochina.com\/fr\/payment\/virement\/#webpage","url":"https:\/\/discoveryindochina.com\/fr\/payment\/virement\/","name":"Paiement par virement","isPartOf":{"@id":"https:\/\/discoveryindochina.com\/fr\/#website"},"datePublished":"2016-05-20T07:13:25+00:00","dateModified":"2017-02-09T04:25:38+00:00","breadcrumb":{"@id":"https:\/\/discoveryindochina.com\/fr\/payment\/virement\/#breadcrumb"},"inLanguage":"fr-FR","potentialAction":[{"@type":"ReadAction","target":["https:\/\/discoveryindochina.com\/fr\/payment\/virement\/"]}]},{"@type":"BreadcrumbList","@id":"https:\/\/discoveryindochina.com\/fr\/payment\/virement\/#breadcrumb","itemListElement":[{"@type":"ListItem","position":1,"name":"Home","item":"https:\/\/discoveryindochina.com\/fr\/"},{"@type":"ListItem","position":2,"name":"Paiement","item":"https:\/\/discoveryindochina.com\/fr\/payment\/"},{"@type":"ListItem","position":3,"name":"Paiement par virement"}]}]}},"_links":{"self":[{"href":"https:\/\/discoveryindochina.com\/fr\/wp-json\/wp\/v2\/pages\/20369"}],"collection":[{"href":"https:\/\/discoveryindochina.com\/fr\/wp-json\/wp\/v2\/pages"}],"about":[{"href":"https:\/\/discoveryindochina.com\/fr\/wp-json\/wp\/v2\/types\/page"}],"author":[{"embeddable":true,"href":"https:\/\/discoveryindochina.com\/fr\/wp-json\/wp\/v2\/users\/1"}],"replies":[{"embeddable":true,"href":"https:\/\/discoveryindochina.com\/fr\/wp-json\/wp\/v2\/comments?post=20369"}],"version-history":[{"count":3,"href":"https:\/\/discoveryindochina.com\/fr\/wp-json\/wp\/v2\/pages\/20369\/revisions"}],"predecessor-version":[{"id":21457,"href":"https:\/\/discoveryindochina.com\/fr\/wp-json\/wp\/v2\/pages\/20369\/revisions\/21457"}],"up":[{"embeddable":true,"href":"https:\/\/discoveryindochina.com\/fr\/wp-json\/wp\/v2\/pages\/20082"}],"wp:attachment":[{"href":"https:\/\/discoveryindochina.com\/fr\/wp-json\/wp\/v2\/media?parent=20369"}],"curies":[{"name":"wp","href":"https:\/\/api.w.org\/{rel}","templated":true}]}}