{"id":20381,"date":"2016-05-20T07:47:35","date_gmt":"2016-05-20T07:47:35","guid":{"rendered":"https:\/\/discoveryindochina.com\/fr\/?page_id=20381"},"modified":"2017-10-09T01:56:02","modified_gmt":"2017-10-09T01:56:02","slug":"about-us","status":"publish","type":"page","link":"https:\/\/discoveryindochina.com\/fr\/about-us\/","title":{"rendered":"\u00c0 Notre Propos"},"content":{"rendered":"<p>Notre style petit groupe de voyage signifie que vous allez rester sous notre banni\u00e8re: Voyager, Manger et Dormir de\u00a0 fa\u00e7on locale. Vous serez aussi le plus proche de la vie quotidienne que possible (sans r\u00e9ellement se d\u00e9placer dedans).<\/p>\n<p>Vous aurez la connaissance in\u00e9gal\u00e9e d&rsquo;un leader local,\u00a0 sortez des livres guid\u00e9s pour d\u00e9couvrir un monde sortant des traditions occidentales. Avec des d\u00e9parts r\u00e9guliers sur les voyages dans plus de 100 pays, vous \u00eates li\u00e9 pour trouver quelque chose juste pour vous. De petits groupes, de Grandes Aventures!<\/p>\n","protected":false},"excerpt":{"rendered":"<p>Notre style petit groupe de voyage signifie que vous allez rester sous notre banni\u00e8re: Voyager, Manger et Dormir de\u00a0 fa\u00e7on locale. Vous serez aussi le plus proche de la vie quotidienne que possible (sans r\u00e9ellement se d\u00e9placer dedans). Vous aurez la connaissance in\u00e9gal\u00e9e d&rsquo;un leader local,\u00a0 sortez des livres guid\u00e9s pour d\u00e9couvrir un monde sortant [&hellip;]<\/p>\n","protected":false},"author":1,"featured_media":0,"parent":0,"menu_order":0,"comment_status":"closed","ping_status":"closed","template":"","meta":[],"yoast_head":"<!-- This site is optimized with the Yoast SEO plugin v18.9 - https:\/\/yoast.com\/wordpress\/plugins\/seo\/ -->\n<title>\u00c0 Notre Propos<\/title>\n<meta name=\"robots\" content=\"index, follow, max-snippet:-1, max-image-preview:large, max-video-preview:-1\" \/>\n<link rel=\"canonical\" href=\"https:\/\/discoveryindochina.com\/fr\/about-us\/\" \/>\n<meta property=\"og:locale\" content=\"fr_FR\" \/>\n<meta property=\"og:type\" content=\"article\" \/>\n<meta property=\"og:title\" content=\"\u00c0 Notre Propos\" \/>\n<meta property=\"og:description\" content=\"Notre style petit groupe de voyage signifie que vous allez rester sous notre banni\u00e8re: Voyager, Manger et Dormir de\u00a0 fa\u00e7on locale. Vous serez aussi le plus proche de la vie quotidienne que possible (sans r\u00e9ellement se d\u00e9placer dedans). Vous aurez la connaissance in\u00e9gal\u00e9e d&rsquo;un leader local,\u00a0 sortez des livres guid\u00e9s pour d\u00e9couvrir un monde sortant [&hellip;]\" \/>\n<meta property=\"og:url\" content=\"https:\/\/discoveryindochina.com\/fr\/about-us\/\" \/>\n<meta property=\"og:site_name\" content=\"Vietnam agence de voyages et tour-op\u00e9rateur local sp\u00e9cialiste des tours de cultures et d&#039;aventures\" \/>\n<meta property=\"article:publisher\" content=\"https:\/\/www.facebook.com\/pages\/Discovery-Indochina\/110002685682824\" \/>\n<meta property=\"article:modified_time\" content=\"2017-10-09T01:56:02+00:00\" \/>\n<script type=\"application\/ld+json\" class=\"yoast-schema-graph\">{\"@context\":\"https:\/\/schema.org\",\"@graph\":[{\"@type\":\"WebSite\",\"@id\":\"https:\/\/discoveryindochina.com\/fr\/#website\",\"url\":\"https:\/\/discoveryindochina.com\/fr\/\",\"name\":\"Vietnam agence de voyages et tour-op\u00e9rateur local sp\u00e9cialiste des tours de cultures et d&#039;aventures\",\"description\":\"\",\"potentialAction\":[{\"@type\":\"SearchAction\",\"target\":{\"@type\":\"EntryPoint\",\"urlTemplate\":\"https:\/\/discoveryindochina.com\/fr\/?s={search_term_string}\"},\"query-input\":\"required name=search_term_string\"}],\"inLanguage\":\"fr-FR\"},{\"@type\":\"WebPage\",\"@id\":\"https:\/\/discoveryindochina.com\/fr\/about-us\/#webpage\",\"url\":\"https:\/\/discoveryindochina.com\/fr\/about-us\/\",\"name\":\"\u00c0 Notre Propos\",\"isPartOf\":{\"@id\":\"https:\/\/discoveryindochina.com\/fr\/#website\"},\"datePublished\":\"2016-05-20T07:47:35+00:00\",\"dateModified\":\"2017-10-09T01:56:02+00:00\",\"breadcrumb\":{\"@id\":\"https:\/\/discoveryindochina.com\/fr\/about-us\/#breadcrumb\"},\"inLanguage\":\"fr-FR\",\"potentialAction\":[{\"@type\":\"ReadAction\",\"target\":[\"https:\/\/discoveryindochina.com\/fr\/about-us\/\"]}]},{\"@type\":\"BreadcrumbList\",\"@id\":\"https:\/\/discoveryindochina.com\/fr\/about-us\/#breadcrumb\",\"itemListElement\":[{\"@type\":\"ListItem\",\"position\":1,\"name\":\"Home\",\"item\":\"https:\/\/discoveryindochina.com\/fr\/\"},{\"@type\":\"ListItem\",\"position\":2,\"name\":\"\u00c0 Notre Propos\"}]}]}<\/script>\n<!-- \/ Yoast SEO plugin. -->","yoast_head_json":{"title":"\u00c0 Notre Propos","robots":{"index":"index","follow":"follow","max-snippet":"max-snippet:-1","max-image-preview":"max-image-preview:large","max-video-preview":"max-video-preview:-1"},"canonical":"https:\/\/discoveryindochina.com\/fr\/about-us\/","og_locale":"fr_FR","og_type":"article","og_title":"\u00c0 Notre Propos","og_description":"Notre style petit groupe de voyage signifie que vous allez rester sous notre banni\u00e8re: Voyager, Manger et Dormir de\u00a0 fa\u00e7on locale. Vous serez aussi le plus proche de la vie quotidienne que possible (sans r\u00e9ellement se d\u00e9placer dedans). Vous aurez la connaissance in\u00e9gal\u00e9e d&rsquo;un leader local,\u00a0 sortez des livres guid\u00e9s pour d\u00e9couvrir un monde sortant [&hellip;]","og_url":"https:\/\/discoveryindochina.com\/fr\/about-us\/","og_site_name":"Vietnam agence de voyages et tour-op\u00e9rateur local sp\u00e9cialiste des tours de cultures et d&#039;aventures","article_publisher":"https:\/\/www.facebook.com\/pages\/Discovery-Indochina\/110002685682824","article_modified_time":"2017-10-09T01:56:02+00:00","schema":{"@context":"https:\/\/schema.org","@graph":[{"@type":"WebSite","@id":"https:\/\/discoveryindochina.com\/fr\/#website","url":"https:\/\/discoveryindochina.com\/fr\/","name":"Vietnam agence de voyages et tour-op\u00e9rateur local sp\u00e9cialiste des tours de cultures et d&#039;aventures","description":"","potentialAction":[{"@type":"SearchAction","target":{"@type":"EntryPoint","urlTemplate":"https:\/\/discoveryindochina.com\/fr\/?s={search_term_string}"},"query-input":"required name=search_term_string"}],"inLanguage":"fr-FR"},{"@type":"WebPage","@id":"https:\/\/discoveryindochina.com\/fr\/about-us\/#webpage","url":"https:\/\/discoveryindochina.com\/fr\/about-us\/","name":"\u00c0 Notre Propos","isPartOf":{"@id":"https:\/\/discoveryindochina.com\/fr\/#website"},"datePublished":"2016-05-20T07:47:35+00:00","dateModified":"2017-10-09T01:56:02+00:00","breadcrumb":{"@id":"https:\/\/discoveryindochina.com\/fr\/about-us\/#breadcrumb"},"inLanguage":"fr-FR","potentialAction":[{"@type":"ReadAction","target":["https:\/\/discoveryindochina.com\/fr\/about-us\/"]}]},{"@type":"BreadcrumbList","@id":"https:\/\/discoveryindochina.com\/fr\/about-us\/#breadcrumb","itemListElement":[{"@type":"ListItem","position":1,"name":"Home","item":"https:\/\/discoveryindochina.com\/fr\/"},{"@type":"ListItem","position":2,"name":"\u00c0 Notre Propos"}]}]}},"_links":{"self":[{"href":"https:\/\/discoveryindochina.com\/fr\/wp-json\/wp\/v2\/pages\/20381"}],"collection":[{"href":"https:\/\/discoveryindochina.com\/fr\/wp-json\/wp\/v2\/pages"}],"about":[{"href":"https:\/\/discoveryindochina.com\/fr\/wp-json\/wp\/v2\/types\/page"}],"author":[{"embeddable":true,"href":"https:\/\/discoveryindochina.com\/fr\/wp-json\/wp\/v2\/users\/1"}],"replies":[{"embeddable":true,"href":"https:\/\/discoveryindochina.com\/fr\/wp-json\/wp\/v2\/comments?post=20381"}],"version-history":[{"count":3,"href":"https:\/\/discoveryindochina.com\/fr\/wp-json\/wp\/v2\/pages\/20381\/revisions"}],"predecessor-version":[{"id":22592,"href":"https:\/\/discoveryindochina.com\/fr\/wp-json\/wp\/v2\/pages\/20381\/revisions\/22592"}],"wp:attachment":[{"href":"https:\/\/discoveryindochina.com\/fr\/wp-json\/wp\/v2\/media?parent=20381"}],"curies":[{"name":"wp","href":"https:\/\/api.w.org\/{rel}","templated":true}]}}