{"id":22230,"date":"2017-06-15T08:46:09","date_gmt":"2017-06-15T08:46:09","guid":{"rendered":"https:\/\/discoveryindochina.com\/fr\/?page_id=22230"},"modified":"2017-08-11T01:53:59","modified_gmt":"2017-08-11T01:53:59","slug":"show","status":"publish","type":"page","link":"https:\/\/discoveryindochina.com\/fr\/show\/","title":{"rendered":"Show"},"content":{"rendered":"<h3 style=\"text-align: justify;\"><strong>Nouveau Cirque du Vietnam<\/strong><\/h3>\n<p style=\"text-align: justify;\">De nouvelles \u0153uvres de cirque unique sont des spectacles contemporains qui m\u00e9langent entre la valeur traditionnelle et la cr\u00e9ativit\u00e9. L\u2019image romantique et po\u00e9tique de chaque r\u00e9gion du Vietnam est d\u00e9crit simple et ordinaire mais anim\u00e9. Utilisant uniquement le bambou \u2013 l\u2019\u00e2me de ce spectacle, ce programme a touch\u00e9 profond\u00e9ment au c\u0153ur, au sentiment patriotique de chaque spectateur.<\/p>\n<h4>\u00a0<\/h4>\n<h4 style=\"text-align: justify;\"><strong><br \/>\n HaNoi:\u00a0<\/strong><\/h4>\n<ul style=\"text-align: justify;\">\n<li style=\"text-align: justify;\">\n<h4><strong>Mon village &#8211; Lang toi show<\/strong><\/h4>\n<p>\n <img decoding=\"async\" loading=\"lazy\" class=\"aligncenter\" src=\"https:\/\/lh3.googleusercontent.com\/qVYHr0eCEUGNwjZeQ5QsA7HMTp7W12GcQBZ7ieWBM35o_tiaQn2uwvgpX5iEJ-R2b6K0sxGHWNsgEGXhPw=w1920-h1080-\" width=\"1015\" height=\"419\" \/><\/li>\n<\/ul>\n<p>&nbsp;<\/p>\n<p>Lang Toi (Mon Village) est une fusion d\u00e9licate entre la tradition et l&rsquo;innovation, o\u00f9 la beaut\u00e9 po\u00e9tique de la vie des villageois du du Nord du Nord est pr\u00e9sent\u00e9e sous une nouvelle approche pour le cirque. L&rsquo;agriculture, les activit\u00e9s de construction, les jeux traditionnels, le style de vie des villageois du Nord sont retrac\u00e9s par des accessoires ancestrales de bambou, des acroba-cirques \u00e0 couper le souffle, des danses classiques et la musique folklorique de plus de 20 instruments de musique.<br \/>\n Prix \u00e0 partir de:\u00a024$<\/p>\n<table style=\"height: 40px;\" border=\"1\" width=\"95\" cellspacing=\"1\" cellpadding=\"1\">\n<tbody>\n<tr>\n<td style=\"width: 85px; text-align: center;\"><a href=\"http:\/\/www.luneproduction.com\/my-village\"><strong>R\u00e9server<\/strong><\/a><\/td>\n<\/tr>\n<\/tbody>\n<\/table>\n<h4>\u00a0<\/h4>\n<h4>\u00a0<\/h4>\n<h4 style=\"text-align: justify;\"><strong>Hochiminh Ville:\u00a0<\/strong><\/h4>\n<ul style=\"text-align: justify;\">\n<li>\n<h4><strong>Ah Oh Show<\/strong><\/h4>\n<\/li>\n<\/ul>\n<p><img decoding=\"async\" loading=\"lazy\" class=\"aligncenter\" src=\"https:\/\/lh3.googleusercontent.com\/X06pFaEhuudpxlUNkuQOJvCUc4pVs2l1PV87OKGTIQg1It99BAFvp_RVqeerjymR2VIAOMEdfiE_eDwigQ=w1920-h1080-\" alt=\"\" width=\"1067\" height=\"441\" \/><\/p>\n<p>&nbsp;<\/p>\n<p style=\"text-align: justify;\">Le cirque de bambou Ah Oh! qui d\u00e9crit le m\u00e9lange de\u00a0la vie \u00e0 la campagne et la vie en ville au Vietnam.\u00a0Le nom \u00ab A O \u00bb d\u00e9rive de &lsquo;Lang Pho&rsquo;, qui signifie &lsquo;village et ville&rsquo;. Le spectacle repr\u00e9sente la beaut\u00e9 et la richesse culturelles de la vie vietnamienne \u00e0 la campagne, contrairement \u00e0 l&rsquo;urbanisation du pays. \u00ab A O \u00bb est une combinaison unique de cirque de bambou, d\u2019illusions d\u2019optique, de la chor\u00e9graphie \u00e9tonnante, des acrobaties spectaculaires et de la musique traditionnelle. En g\u00e9n\u00e9rale, cette combinaison cr\u00e9e une langue de sc\u00e8ne unique, qui montre la culture fascinante du Vietnam.<br \/>\n Prix \u00e0 partir de:\u00a025$<\/p>\n<table style=\"height: 44px;\" border=\"1\" width=\"101\" cellspacing=\"1\" cellpadding=\"1\">\n<tbody>\n<tr>\n<td style=\"width: 91px; text-align: center;\"><strong><a href=\"http:\/\/www.luneproduction.com\/ao-show\">R\u00e9server<\/a><\/strong><\/td>\n<\/tr>\n<\/tbody>\n<\/table>\n<p>&nbsp;<\/p>\n<p>&nbsp;<\/p>\n<ul style=\"text-align: justify;\">\n<li>\n<h4><strong>Teh Dar<\/strong><\/h4>\n<\/li>\n<\/ul>\n<p><img decoding=\"async\" loading=\"lazy\" class=\"aligncenter\" src=\"https:\/\/lh3.googleusercontent.com\/ULovJa_4kYdxqRngpFXumTdq6A83mk6Ij90vSmhJNQQH08YJbwOjrqG87CUhwTmhtuHXZpcm67FtGN9OMA=w1920-h1080-\" alt=\"\" width=\"1067\" height=\"441\" \/><\/p>\n<p>&nbsp;<\/p>\n<p style=\"text-align: justify;\">Teh Dah pr\u00e9sente\u00a0un aper\u00e7u\u00a0de\u00a0la vie et\u00a0l&rsquo;esprit\u00a0des ethnies de la\u00a0r\u00e9gion\u00a0des\u00a0hauts plateaux du centre\u00a0du Vietnam. Il invite des spectateurs \u00e0 se lancer dans le monde enchanteur des montagnards vietnamiens. La chasse des animaux sauvages, la romantique de la lune, les r\u00e9cits de la jungle, de la mort et de la r\u00e9incarnation sont tous repr\u00e9sent\u00e9s avec un cirque de bambou \u00e9tonnant, des acrobaties spectaculaires et une m\u00e9lodie int\u00e9ressante d&rsquo;instruments de musique ethniques certifi\u00e9s par l&rsquo;UNESCO. Dans la langue de la tribu des K&rsquo;ho, Teh Dar signifie \u00ab aller au cercle \u00bb. Ce spectacle pr\u00e9serve les cultures ethniques vietnamiennes. Si le cercle de la vie tribale continue, les cultures restent.<br \/>\n Prix \u00e0 partir de:\u00a025$<\/p>\n<table style=\"height: 42px;\" border=\"1\" width=\"106\" cellspacing=\"1\" cellpadding=\"1\">\n<tbody>\n<tr>\n<td style=\"width: 96px; text-align: center;\"><a href=\"http:\/\/www.luneproduction.com\/teh-dar\"><strong>R\u00e9server<\/strong><\/a><\/td>\n<\/tr>\n<\/tbody>\n<\/table>\n<p>&nbsp;<\/p>\n<p>&nbsp;<\/p>\n<ul style=\"text-align: justify;\">\n<li>\n<h4><strong>The Mist (La Brume)<\/strong><\/h4>\n<\/li>\n<\/ul>\n<p><img decoding=\"async\" loading=\"lazy\" class=\"aligncenter\" src=\"https:\/\/lh3.googleusercontent.com\/g1GleLFAAuplabuJxNPp-_mUk_CCJvOXM5xziST9oAIgdYQGyd_rK929DD554TD1aDxO0_mPNYMMlQsB2A=w1920-h1080-\" alt=\"\" width=\"1087\" height=\"449\" \/><\/p>\n<p>&nbsp;<\/p>\n<p style=\"text-align: justify;\">The Mist\u00a0donne\u00a0une\u00a0vue\u00a0d&rsquo;ensemble d\u00e9taill\u00e9e de\u00a0la vie quotidienne\u00a0des gens qui habitent au Delta du Mekong, Vietnam.\u00a0Il raconte une histoire de la vie agricole dans le sud du Vietnam, exprim\u00e9e par la danse n\u00e9o-classique et contemporaine. On utilise la culture du riz comme une m\u00e9taphore pour appr\u00e9cier la d\u00e9dicace des agriculteurs, de leur aurore brumeuse sur les champs, leurs difficult\u00e9s jusqu&rsquo;au moment o\u00f9 ils sont joyeux en raison d\u2019une bonne r\u00e9colte. La brume est un spectacle des \u00e9motions qui sont peintes par une musique sensationnelle, des images splendides et des effets d&rsquo;\u00e9clairage color\u00e9s.<br \/>\n Prix \u00e0 partir de:\u00a025$<\/p>\n<table style=\"height: 41px;\" border=\"1\" width=\"107\" cellspacing=\"1\" cellpadding=\"1\">\n<tbody>\n<tr>\n<td style=\"width: 97px; text-align: center;\"><a href=\"http:\/\/www.luneproduction.com\/the-mist\"><strong>R\u00e9server<\/strong><\/a><\/td>\n<\/tr>\n<\/tbody>\n<\/table>\n<h3 style=\"text-align: justify;\">\u00a0<\/h3>\n<h3 style=\"text-align: justify;\">\u00a0<\/h3>\n<h3 style=\"text-align: justify;\"><strong>Le spectacle \u00ab R\u00eave\u00a0\u00bb \u00a0<\/strong><\/h3>\n<p><img decoding=\"async\" loading=\"lazy\" class=\"aligncenter\" src=\"https:\/\/lh3.googleusercontent.com\/Esci1pI1rWBvjaxFJcVBIacWEcaoAA0gjLbGWHfGs6NLDMFZ2dc2fp9DcuUI8T_zMyYrRbUpCtplrA5XwerS7KS4GSmVTH3jLkMo=w1920-h1080-\" alt=\"\" width=\"1093\" height=\"451\" \/><\/p>\n<p>&nbsp;<\/p>\n<p style=\"text-align: justify;\">Des danses folkloriques sont conserv\u00e9es et restaur\u00e9es sur la sc\u00e8ne artistique A CHAU.\u00a0 Gr\u00e2ce \u00e0 la combinaison entre la musique et la lumi\u00e8re, la tradition et la modernit\u00e9\u00a0; aux performances int\u00e9ressantes, les touristes auront de diff\u00e9rentes \u00e9motions. Le spectacle\u00a0\u00ab\u00a0R\u00eave\u00a0\u00bb est une nouvelle destination culturelle de la ville Nha Trang.\u00a0<a href=\"https:\/\/discoveryindochina.com\/fr\/event\/22275\/\">[En savoir plus]<\/a><\/p>\n<table style=\"width: 861px;\" border=\"1\" cellspacing=\"1\" cellpadding=\"1\">\n<tbody>\n<tr>\n<td style=\"text-align: center; width: 159px;\">Zone<\/td>\n<td style=\"text-align: center; width: 167px;\">Quantity<\/td>\n<td style=\"text-align: center; width: 170px;\">Price (US$)<\/td>\n<td style=\"text-align: center; width: 177px;\">Price of outlet 2 (1000 tickets\/month)<\/td>\n<td style=\"text-align: center; width: 170px;\">Price of outlet 1 (&gt;1000 tickets\/month)<\/td>\n<\/tr>\n<tr>\n<td style=\"text-align: center; width: 159px;\">Zone VIP<\/td>\n<td style=\"text-align: center; width: 167px;\">\u00a040<\/td>\n<td style=\"text-align: center; width: 170px;\">\u00a0<\/td>\n<td style=\"text-align: center; width: 177px;\">\u00a0<\/td>\n<td style=\"text-align: center; width: 170px;\">\u00a0<\/td>\n<\/tr>\n<tr>\n<td style=\"text-align: center; width: 159px;\">Zone A (centre)<\/td>\n<td style=\"text-align: center; width: 167px;\">100<\/td>\n<td style=\"text-align: center; width: 170px;\">17<\/td>\n<td style=\"text-align: center; width: 177px;\">9<\/td>\n<td style=\"text-align: center; width: 170px;\">8<\/td>\n<\/tr>\n<tr>\n<td style=\"text-align: center; width: 159px;\">Zone B<\/td>\n<td style=\"text-align: center; width: 167px;\">420<\/td>\n<td style=\"text-align: center; width: 170px;\">16<\/td>\n<td style=\"text-align: center; width: 177px;\">8.5<\/td>\n<td style=\"text-align: center; width: 170px;\">7.5<\/td>\n<\/tr>\n<tr>\n<td style=\"text-align: center; width: 159px;\">Children (1m \u2013 1.4m)<\/td>\n<td style=\"text-align: center; width: 167px;\">\u00a0<\/td>\n<td style=\"text-align: center; width: 170px;\">8<\/td>\n<td style=\"text-align: center; width: 177px;\">4<\/td>\n<td style=\"text-align: center; width: 170px;\">4<\/td>\n<\/tr>\n<tr>\n<td style=\"text-align: center; width: 159px;\">Children (&lt; 1m)<\/td>\n<td style=\"text-align: center; width: 167px;\">\u00a0<\/td>\n<td style=\"text-align: center; width: 170px;\">F.O.C<\/td>\n<td style=\"text-align: center; width: 177px;\">F.O.C<\/td>\n<td style=\"text-align: center; width: 170px;\">F.O.C<\/td>\n<\/tr>\n<\/tbody>\n<\/table>\n<p style=\"text-align: justify;\">\u00a0<\/p>\n<table style=\"height: 36px;\" border=\"1\" width=\"92\" cellspacing=\"1\" cellpadding=\"1\">\n<tbody>\n<tr>\n<td style=\"width: 84px; text-align: center;\"><a href=\"http:\/\/nhatrangdream.com.vn\/chi-tiet\/nhatrang-dream-show\"><strong>R\u00e9server<\/strong><\/a><\/td>\n<\/tr>\n<\/tbody>\n<\/table>\n<h3 style=\"text-align: justify;\">\u00a0<\/h3>\n<p>&nbsp;<\/p>\n<h3 style=\"text-align: justify;\"><strong>Tu Phu &#8211; Quatre Palais<\/strong><\/h3>\n<p style=\"text-align: justify;\">\u00a0\u00ab\u00a0<a href=\"https:\/\/discoveryindochina.com\/fr\/blog\/chant-chau-van-patrimoine-culturel-immateriel-vietnam\/\">Hau dong<\/a>\u00a0\u00bb est un rituel de m\u00e9diumnit\u00e9 spirituelle pratiqu\u00e9 dans la religion locale vietnamien et la religion vietnamienne honorant <a href=\"https:\/\/discoveryindochina.com\/fr\/blog\/chant-chau-van-patrimoine-culturel-immateriel-vietnam\/\">des D\u00e9esses \u2013 M\u00e8res<\/a> dont les disciples deviennent des m\u00e9diums pour 36 diff\u00e9rents divinit\u00e9s. Les sessions impliquent certains \u00e9l\u00e9ments artistique, tels que la musique, le chant, la danse, et l&rsquo;utilisation des costumes. <a href=\"https:\/\/discoveryindochina.com\/fr\/event\/tu-phu-quatre-palais\/\">[En savoir plus]<\/a><\/p>\n<p>&nbsp;<\/p>\n<p style=\"text-align: justify;\"><img decoding=\"async\" loading=\"lazy\" class=\"aligncenter\" src=\"https:\/\/lh3.googleusercontent.com\/oTkhVKyblFv6KBO1Tez4Kyf_YyxhcI-3t3md3rUVArlHVuW-x-LdEu0Jxcd2kGv_d3ZtMfzx02iWYHsvboGUvp1OOEmAUTdttWPN=w1920-h1080-\" width=\"1123\" height=\"464\" \/><\/p>\n<p>&nbsp;<\/p>\n<p style=\"text-align: justify;\">Tous les 6-12 mois, le contenu du programme sera modifi\u00e9 de sorte que les spectateurs peuvent se r\u00e9galer de l&rsquo;ensemble de 36 sessions du rituel complet.\u00a0<br \/>\n Tous les Jeudi et Samedi<br \/>\n <span style=\"text-align: start;\">Dur\u00e9e: 45 mins<\/span><br \/>\n 18:00 &amp; 19:30\u00a0<br \/>\n <span style=\"text-align: start;\">Price: starting at 6$<\/span><br \/>\n Au Th\u00e9\u00e2tre Cong Nhan, 42 Trang Tien, Hanoi<\/p>\n<table style=\"height: 36px;\" border=\"1\" width=\"92\" cellspacing=\"1\" cellpadding=\"1\">\n<tbody>\n<tr>\n<td style=\"width: 82px; text-align: center;\"><a href=\"http:\/\/viettheatre.com\/contact\"><strong>R\u00e9server<\/strong><\/a><\/td>\n<\/tr>\n<\/tbody>\n<\/table>\n<h3>\u00a0<\/h3>\n<p>&nbsp;<\/p>\n<h3 style=\"text-align: justify;\"><strong>Les marionnettes sur l\u2019eau<\/strong><\/h3>\n<p style=\"text-align: justify;\">Les marionnettes sur l\u2019eau constituent un art populaire tr\u00e8s r\u00e9pandu dans le delta du Fleuve Rouge. N\u00e9 au 12\u00e8me si\u00e8cle, ce th\u00e9\u00e2tre fit sans doute partie, \u00e0 l\u2019origine, des rites d\u2019invocation de la pluie chez les cultivateurs de riz en terrain inond\u00e9, avant de devenir un divertissement populaire. Il est g\u00e9n\u00e9ralement jou\u00e9 \u00e0 l\u2019occasion du T\u00eat dans les mares situ\u00e9es devant les maisons communales, rassemblant les spectateurs de tout \u00e2ge du village.<\/p>\n<p>&nbsp;<\/p>\n<ol style=\"text-align: justify;\">\n<li style=\"text-align: justify;\">\n<h4><strong>Les marionnettes sur l\u2019eau &#8211; Artiste Phan Thanh Liem\u00a0<br \/>\n <\/strong><\/h4>\n<\/li>\n<\/ol>\n<p><img decoding=\"async\" loading=\"lazy\" class=\"aligncenter\" src=\"https:\/\/lh3.googleusercontent.com\/EP7EQpAueFjmNZsq1utKyT9NyZzCtht1HAlT_l3UXinWoWyQNQUK-aaITsXP8wUCJ7MospN9R7Tw_6pEhg=w1920-h1080-\" alt=\"\" width=\"1142\" height=\"472\" \/><\/p>\n<p>&nbsp;<\/p>\n<p><em>Horaire<\/em><br \/>\n Matin: 8h \u2013 midi<br \/>\n Soir: 14h-20h\u00a0<br \/>\n Tous les week-ends\u00a0et jours f\u00e9ri\u00e9<\/p>\n<p>(Si vous \u00eates besoin, nous pouvons ex\u00e9cuter chez vous)<br \/>\n \u00a0<\/p>\n<p><em>Prix:<\/em><\/p>\n<ul>\n<li>1-3 personnes: 45$ pendant 1h30&prime;.<\/li>\n<li>4-10 personnes: 66$ pendant 1h30&prime;.<\/li>\n<li>11-15 personnes: 88$ pendant 1h30&prime;.<\/li>\n<li>16-20 personnes: 120$ pendant1h30&prime;.<\/li>\n<\/ul>\n<p>(Non compris le TVA)<\/p>\n<table style=\"height: 36px;\" border=\"1\" width=\"97\" cellspacing=\"1\" cellpadding=\"1\">\n<tbody>\n<tr>\n<td style=\"width: 89px; text-align: center;\"><strong><a href=\"http:\/\/roinuocvietnam.com\/lien-he.aspx\">R\u00e9server<\/a><\/strong><\/td>\n<\/tr>\n<\/tbody>\n<\/table>\n<p>&nbsp;<\/p>\n<ol style=\"text-align: justify;\">\n<li>\n<h4><strong>\u00a0Le Th\u00e9\u00e2tre de marionnettes sur l&rsquo;eau Bong Sen<\/strong><\/h4>\n<\/li>\n<\/ol>\n<p><img decoding=\"async\" loading=\"lazy\" class=\"aligncenter\" src=\"https:\/\/lh3.googleusercontent.com\/qkcEqiAoc7mqMLaG3nzqB4AzxeXc8hYwTGmlhmAKrgtBP0LfK3Cl-LoAuCXitm9ulzSGKF8n_TBp03UUzQ=w1920-h1080-\" alt=\"\" width=\"1137\" height=\"471\" \/><\/p>\n<p>&nbsp;<\/p>\n<p><em>Horaire<\/em><\/p>\n<p>Les spectacles de marionnette sur l&rsquo;eau fonctionnent tous les jours de la semaine.<br \/>\n Dur\u00e9e: 50 minutes.<br \/>\n PM: 15:00, 17:00, 18:30<br \/>\n Prix: 4-5 $\/ ticket<\/p>\n<p style=\"text-align: justify;\">\u00a0<\/p>\n<table style=\"height: 38px;\" border=\"1\" width=\"103\" cellspacing=\"1\" cellpadding=\"1\">\n<tbody>\n<tr>\n<td style=\"width: 93.0078px; text-align: center;\"><a href=\"http:\/\/www.bongsenwaterpuppet.com\/performance.html#.WYPnAojyiUk\"><strong>R\u00e9server<\/strong><\/a><\/td>\n<\/tr>\n<\/tbody>\n<\/table>\n<ol style=\"text-align: justify;\">\n<li>\n<h4><strong>Le Th\u00e9\u00e2tre de marionnettes sur l&rsquo;eau Thang Long<\/strong><\/h4>\n<\/li>\n<\/ol>\n<p><img decoding=\"async\" loading=\"lazy\" class=\"aligncenter\" src=\"https:\/\/lh3.googleusercontent.com\/YVwSlSZp3uT53Z2ARVgDi_PlaRE8Hqm0UhvB88Ywsem8c9wIwqr2QewTjXRh2LpqBtH1s6LU1Ut__16FEA=w1920-h1080-\" alt=\"\" width=\"1147\" height=\"475\" \/><\/p>\n<p>&nbsp;<\/p>\n<p>Les spectacles de marionnette sur l&rsquo;eau fonctionnent tous les jours de la semaine.<br \/>\n \u00c9t\u00e9 16:10, 17:20, 18:30, 20:00<br \/>\n Hiver 15:00, 16:10, 17:20, 18:30, 20:00, 21:15<br \/>\n Dimanche matin 9:30<\/p>\n<p>Prix: 5$\/ticket<br \/>\n Enfants\u00a0de\u00a0moins\u00a0de\u00a01m20: 3$\/ticket<\/p>\n<table style=\"height: 38px;\" border=\"1\" width=\"110\" cellspacing=\"1\" cellpadding=\"1\">\n<tbody>\n<tr>\n<td style=\"width: 100.508px; text-align: center;\"><del><strong>R\u00e9server<\/strong><\/del><\/td>\n<\/tr>\n<\/tbody>\n<\/table>\n<ol style=\"text-align: justify;\">\n<li>\n<h4><strong>Le Th\u00e9\u00e2tre de marionnettes sur l&rsquo;eau Viet Nam <\/strong>(loin du centre ville)<\/h4>\n<\/li>\n<\/ol>\n<p><img decoding=\"async\" loading=\"lazy\" class=\"aligncenter\" src=\"https:\/\/lh3.googleusercontent.com\/Zmz_Fd_mLx0zR0eJs3b0jb9TeDPEV9RLM7tGHu7JD_cHSB6WxUW5d1LbfOOfN4HZMPuDh6zUCzks6XhLFQ=w1920-h1080-\" alt=\"\" width=\"1160\" height=\"483\" \/><\/p>\n<div class=\"ten_tac_pham\">Horraire<\/div>\n<div class=\"ten_tac_pham\">Matin: 8:00 \u2013 12:00<br \/>\n Soir: 17:00, 18:30<br \/>\n Prix:\u00a0<span class=\"left-lich-bieu-dien\">3.5$\/ticket<\/span><\/div>\n<table style=\"height: 39px;\" border=\"1\" width=\"107\" cellspacing=\"1\" cellpadding=\"1\">\n<tbody>\n<tr>\n<td style=\"width: 99px; text-align: center;\"><a href=\"http:\/\/www.nhahatmuaroivietnam.vn\/\"><span style=\"color: #333333;\"><span style=\"color: #333333;\">R\u00e9server<\/span><\/span><\/a><\/td>\n<\/tr>\n<\/tbody>\n<\/table>\n","protected":false},"excerpt":{"rendered":"<p>Nouveau Cirque du Vietnam De nouvelles \u0153uvres de cirque unique sont des spectacles contemporains qui m\u00e9langent entre la valeur traditionnelle et la cr\u00e9ativit\u00e9. L\u2019image romantique et po\u00e9tique de chaque r\u00e9gion du Vietnam est d\u00e9crit simple et ordinaire mais anim\u00e9. Utilisant uniquement le bambou \u2013 l\u2019\u00e2me de ce spectacle, ce programme a touch\u00e9 profond\u00e9ment au c\u0153ur, [&hellip;]<\/p>\n","protected":false},"author":36,"featured_media":22289,"parent":0,"menu_order":0,"comment_status":"closed","ping_status":"closed","template":"","meta":[],"yoast_head":"<!-- This site is optimized with the Yoast SEO plugin v18.9 - https:\/\/yoast.com\/wordpress\/plugins\/seo\/ -->\n<title>Show Nouveau Cirque du Vietnam De nouvelles \u0153uvres de cirque unique<\/title>\n<meta name=\"description\" content=\"show Nouveau Cirque du Vietnam De nouvelles \u0153uvres de cirque unique sont des spectacles contemporains qui m\u00e9langent entre la valeur traditionnelle\" \/>\n<meta name=\"robots\" content=\"index, follow, max-snippet:-1, max-image-preview:large, max-video-preview:-1\" \/>\n<link rel=\"canonical\" href=\"https:\/\/discoveryindochina.com\/fr\/show\/\" \/>\n<meta property=\"og:locale\" content=\"fr_FR\" \/>\n<meta property=\"og:type\" content=\"article\" \/>\n<meta property=\"og:title\" content=\"Show Nouveau Cirque du Vietnam De nouvelles \u0153uvres de cirque unique\" \/>\n<meta property=\"og:description\" content=\"show Nouveau Cirque du Vietnam De nouvelles \u0153uvres de cirque unique sont des spectacles contemporains qui m\u00e9langent entre la valeur traditionnelle\" \/>\n<meta property=\"og:url\" content=\"https:\/\/discoveryindochina.com\/fr\/show\/\" \/>\n<meta property=\"og:site_name\" content=\"Vietnam agence de voyages et tour-op\u00e9rateur local sp\u00e9cialiste des tours de cultures et d&#039;aventures\" \/>\n<meta property=\"article:publisher\" content=\"https:\/\/www.facebook.com\/pages\/Discovery-Indochina\/110002685682824\" \/>\n<meta property=\"article:modified_time\" content=\"2017-08-11T01:53:59+00:00\" \/>\n<meta property=\"og:image\" content=\"https:\/\/discoveryindochina.com\/fr\/wp-content\/uploads\/2017\/07\/Untitled-1-01-1-e1499940746345.jpg\" \/>\n\t<meta property=\"og:image:width\" content=\"2048\" \/>\n\t<meta property=\"og:image:height\" content=\"1172\" \/>\n\t<meta property=\"og:image:type\" content=\"image\/jpeg\" \/>\n<meta name=\"twitter:label1\" content=\"Dur\u00e9e de lecture estim\u00e9e\" \/>\n\t<meta name=\"twitter:data1\" content=\"5 minutes\" \/>\n<script type=\"application\/ld+json\" class=\"yoast-schema-graph\">{\"@context\":\"https:\/\/schema.org\",\"@graph\":[{\"@type\":\"WebSite\",\"@id\":\"https:\/\/discoveryindochina.com\/fr\/#website\",\"url\":\"https:\/\/discoveryindochina.com\/fr\/\",\"name\":\"Vietnam agence de voyages et tour-op\u00e9rateur local sp\u00e9cialiste des tours de cultures et d&#039;aventures\",\"description\":\"\",\"potentialAction\":[{\"@type\":\"SearchAction\",\"target\":{\"@type\":\"EntryPoint\",\"urlTemplate\":\"https:\/\/discoveryindochina.com\/fr\/?s={search_term_string}\"},\"query-input\":\"required name=search_term_string\"}],\"inLanguage\":\"fr-FR\"},{\"@type\":\"ImageObject\",\"inLanguage\":\"fr-FR\",\"@id\":\"https:\/\/discoveryindochina.com\/fr\/show\/#primaryimage\",\"url\":\"https:\/\/discoveryindochina.com\/fr\/wp-content\/uploads\/2017\/07\/Untitled-1-01-1-e1499940746345.jpg\",\"contentUrl\":\"https:\/\/discoveryindochina.com\/fr\/wp-content\/uploads\/2017\/07\/Untitled-1-01-1-e1499940746345.jpg\",\"width\":2048,\"height\":1172,\"caption\":\"Le spectacle \u00ab R\u00eave \u00bb est une nouvelle destination culturelle de la ville Nha Trang\"},{\"@type\":\"WebPage\",\"@id\":\"https:\/\/discoveryindochina.com\/fr\/show\/#webpage\",\"url\":\"https:\/\/discoveryindochina.com\/fr\/show\/\",\"name\":\"Show Nouveau Cirque du Vietnam De nouvelles \u0153uvres de cirque unique\",\"isPartOf\":{\"@id\":\"https:\/\/discoveryindochina.com\/fr\/#website\"},\"primaryImageOfPage\":{\"@id\":\"https:\/\/discoveryindochina.com\/fr\/show\/#primaryimage\"},\"datePublished\":\"2017-06-15T08:46:09+00:00\",\"dateModified\":\"2017-08-11T01:53:59+00:00\",\"description\":\"show Nouveau Cirque du Vietnam De nouvelles \u0153uvres de cirque unique sont des spectacles contemporains qui m\u00e9langent entre la valeur traditionnelle\",\"breadcrumb\":{\"@id\":\"https:\/\/discoveryindochina.com\/fr\/show\/#breadcrumb\"},\"inLanguage\":\"fr-FR\",\"potentialAction\":[{\"@type\":\"ReadAction\",\"target\":[\"https:\/\/discoveryindochina.com\/fr\/show\/\"]}]},{\"@type\":\"BreadcrumbList\",\"@id\":\"https:\/\/discoveryindochina.com\/fr\/show\/#breadcrumb\",\"itemListElement\":[{\"@type\":\"ListItem\",\"position\":1,\"name\":\"Home\",\"item\":\"https:\/\/discoveryindochina.com\/fr\/\"},{\"@type\":\"ListItem\",\"position\":2,\"name\":\"Show\"}]}]}<\/script>\n<!-- \/ Yoast SEO plugin. -->","yoast_head_json":{"title":"Show Nouveau Cirque du Vietnam De nouvelles \u0153uvres de cirque unique","description":"show Nouveau Cirque du Vietnam De nouvelles \u0153uvres de cirque unique sont des spectacles contemporains qui m\u00e9langent entre la valeur traditionnelle","robots":{"index":"index","follow":"follow","max-snippet":"max-snippet:-1","max-image-preview":"max-image-preview:large","max-video-preview":"max-video-preview:-1"},"canonical":"https:\/\/discoveryindochina.com\/fr\/show\/","og_locale":"fr_FR","og_type":"article","og_title":"Show Nouveau Cirque du Vietnam De nouvelles \u0153uvres de cirque unique","og_description":"show Nouveau Cirque du Vietnam De nouvelles \u0153uvres de cirque unique sont des spectacles contemporains qui m\u00e9langent entre la valeur traditionnelle","og_url":"https:\/\/discoveryindochina.com\/fr\/show\/","og_site_name":"Vietnam agence de voyages et tour-op\u00e9rateur local sp\u00e9cialiste des tours de cultures et d&#039;aventures","article_publisher":"https:\/\/www.facebook.com\/pages\/Discovery-Indochina\/110002685682824","article_modified_time":"2017-08-11T01:53:59+00:00","og_image":[{"width":2048,"height":1172,"url":"https:\/\/discoveryindochina.com\/fr\/wp-content\/uploads\/2017\/07\/Untitled-1-01-1-e1499940746345.jpg","type":"image\/jpeg"}],"twitter_misc":{"Dur\u00e9e de lecture estim\u00e9e":"5 minutes"},"schema":{"@context":"https:\/\/schema.org","@graph":[{"@type":"WebSite","@id":"https:\/\/discoveryindochina.com\/fr\/#website","url":"https:\/\/discoveryindochina.com\/fr\/","name":"Vietnam agence de voyages et tour-op\u00e9rateur local sp\u00e9cialiste des tours de cultures et d&#039;aventures","description":"","potentialAction":[{"@type":"SearchAction","target":{"@type":"EntryPoint","urlTemplate":"https:\/\/discoveryindochina.com\/fr\/?s={search_term_string}"},"query-input":"required name=search_term_string"}],"inLanguage":"fr-FR"},{"@type":"ImageObject","inLanguage":"fr-FR","@id":"https:\/\/discoveryindochina.com\/fr\/show\/#primaryimage","url":"https:\/\/discoveryindochina.com\/fr\/wp-content\/uploads\/2017\/07\/Untitled-1-01-1-e1499940746345.jpg","contentUrl":"https:\/\/discoveryindochina.com\/fr\/wp-content\/uploads\/2017\/07\/Untitled-1-01-1-e1499940746345.jpg","width":2048,"height":1172,"caption":"Le spectacle \u00ab R\u00eave \u00bb est une nouvelle destination culturelle de la ville Nha Trang"},{"@type":"WebPage","@id":"https:\/\/discoveryindochina.com\/fr\/show\/#webpage","url":"https:\/\/discoveryindochina.com\/fr\/show\/","name":"Show Nouveau Cirque du Vietnam De nouvelles \u0153uvres de cirque unique","isPartOf":{"@id":"https:\/\/discoveryindochina.com\/fr\/#website"},"primaryImageOfPage":{"@id":"https:\/\/discoveryindochina.com\/fr\/show\/#primaryimage"},"datePublished":"2017-06-15T08:46:09+00:00","dateModified":"2017-08-11T01:53:59+00:00","description":"show Nouveau Cirque du Vietnam De nouvelles \u0153uvres de cirque unique sont des spectacles contemporains qui m\u00e9langent entre la valeur traditionnelle","breadcrumb":{"@id":"https:\/\/discoveryindochina.com\/fr\/show\/#breadcrumb"},"inLanguage":"fr-FR","potentialAction":[{"@type":"ReadAction","target":["https:\/\/discoveryindochina.com\/fr\/show\/"]}]},{"@type":"BreadcrumbList","@id":"https:\/\/discoveryindochina.com\/fr\/show\/#breadcrumb","itemListElement":[{"@type":"ListItem","position":1,"name":"Home","item":"https:\/\/discoveryindochina.com\/fr\/"},{"@type":"ListItem","position":2,"name":"Show"}]}]}},"_links":{"self":[{"href":"https:\/\/discoveryindochina.com\/fr\/wp-json\/wp\/v2\/pages\/22230"}],"collection":[{"href":"https:\/\/discoveryindochina.com\/fr\/wp-json\/wp\/v2\/pages"}],"about":[{"href":"https:\/\/discoveryindochina.com\/fr\/wp-json\/wp\/v2\/types\/page"}],"author":[{"embeddable":true,"href":"https:\/\/discoveryindochina.com\/fr\/wp-json\/wp\/v2\/users\/36"}],"replies":[{"embeddable":true,"href":"https:\/\/discoveryindochina.com\/fr\/wp-json\/wp\/v2\/comments?post=22230"}],"version-history":[{"count":3,"href":"https:\/\/discoveryindochina.com\/fr\/wp-json\/wp\/v2\/pages\/22230\/revisions"}],"predecessor-version":[{"id":22487,"href":"https:\/\/discoveryindochina.com\/fr\/wp-json\/wp\/v2\/pages\/22230\/revisions\/22487"}],"wp:featuredmedia":[{"embeddable":true,"href":"https:\/\/discoveryindochina.com\/fr\/wp-json\/wp\/v2\/media\/22289"}],"wp:attachment":[{"href":"https:\/\/discoveryindochina.com\/fr\/wp-json\/wp\/v2\/media?parent=22230"}],"curies":[{"name":"wp","href":"https:\/\/api.w.org\/{rel}","templated":true}]}}