{"id":424,"date":"2014-05-22T08:26:20","date_gmt":"2014-05-22T08:26:20","guid":{"rendered":"https:\/\/discoveryindochina.com\/fr\/?page_id=424"},"modified":"2017-06-07T07:49:24","modified_gmt":"2017-06-07T07:49:24","slug":"qui-sommes-nous","status":"publish","type":"page","link":"https:\/\/discoveryindochina.com\/fr\/qui-sommes-nous\/","title":{"rendered":"Qui sommes nous?"},"content":{"rendered":"<p><span style=\"font-size: 12pt;\">L&rsquo; agence de voyage francophone Discovery Indochina, principal tours-op\u00e9rateurs au Vietnam, offre des prestations de qualit\u00e9. Son \u00e9quipe de professionnels lui permet de construire des relations privil\u00e9gi\u00e9es avec ses partenaires. Disposant d&rsquo;une large gamme de produits et de services, Discovery Indochina r\u00e9pond \u00e0 la demande \u00e9volutive \u00e9manant de ses clients du monde entier.<\/span><\/p>\n<p><span style=\"font-size: 12pt;\"><strong>Notre \u00e9quipe<\/strong><\/span><br \/>\n <span style=\"font-size: 12pt;\"> Discovery Indochina est compos\u00e9 d\u2019une \u00e9quipe de professionnels du voyage, de jeunes entrepreneurs dynamiques et enthousiastes. Nous sommes en mesure de vous assurer des voyages agr\u00e9ables et des experiences fascinantes \u00e0 travers toute l\u2019Indochine. Notre personnel d\u00e9vou\u00e9, parlant plusieurs langues et experiment\u00e9, assure un service rapide, efficace et personnalis\u00e9.<\/span><\/p>\n<p><span style=\"font-size: 12pt;\"><strong>Notre engagement<\/strong><\/span><br \/>\n <span style=\"font-size: 12pt;\"> Discovery Indochina s\u2019engage \u00e0 assurer un service de qualit\u00e9 pour tous les produits et services qu\u2019il propose.<\/span><\/p>\n<p><span style=\"font-size: 12pt;\"><strong>Produits<\/strong> \u2013 Nous nous effor\u00e7ons de fournir une gamme de produits tr\u00e8s \u00e9labor\u00e9e, des circuits et s\u00e9jours sur mesure et vous conduisant hors des sentiers battus, qu&rsquo;il s\u2019agisse de voyages organis\u00e9s ou semi-organis\u00e9s, de voyages individuels ou de simple r\u00e9servation d&rsquo;h\u00f4tels dans les pays indochinois. L&rsquo;ind\u00e9pendance et la souplesse du voyage sont toujours assur\u00e9s par notre compagnie.<\/span><\/p>\n<p><span style=\"font-size: 12pt;\"><strong>Qualit\u00e9<\/strong> &#8211; Nos services satisfont les besoins des voyageurs cherchant un niveau \u00e9lev\u00e9 de prestations de voyage et d\u2019h\u00e9bergement au prix les plus comp\u00e9titifs qu\u2019il soit pour les destinations Vietnam, Laos et Cambodge.<\/span><\/p>\n<p><span style=\"font-size: 12pt;\"><strong>Prix<\/strong> \u2013 Nous sommes en mesure de vous proposer une grille de tarifs comp\u00e9titifs gr\u00e2ce \u00e0 nos bonnes relations avec les partenaires locaux et \u00e0 notre importante capacit\u00e9 d\u2019achat.<\/span><\/p>\n<p><span style=\"font-size: 12pt;\"><strong>Tourisme responsable<\/strong> &#8211; Nous attachons beaucoup d&rsquo;importance \u00e0 l&rsquo;op\u00e9ration et \u00e0 la mise en oeuvre de circuits assurant un d\u00e9veloppement durable. Notre style de voyage se base sur le respect et la protection de l&rsquo;environnement, des cultures et traditions locales. Ainsi, nous travaillons en collaboration avec les habitants locaux et, quand c\u2019est possible, \u00e0 eduquer nos guides et accompagnateurs \u00e0 leur apprendre comment prot\u00e9ger l&rsquo;environnement en prenant des decisions raisonn\u00e9es afin de minimiser l&rsquo;impact n\u00e9gatif du tourisme et du passage de visiteurs sur l&rsquo;environnement, tout en assurant le respect des communaut\u00e9s locales.<\/span><\/p>\n<p><span style=\"font-size: 12pt;\"><strong>Service &#8211; client<\/strong> \u2013 Nous nous engageons \u00e0 fournir des prestations de niveau irr\u00e9prochable \u00e0 nos clients. Notre souhait le plus cher est la satisfaction totale de notre client\u00e8le.<\/span><\/p>\n<p><span style=\"font-size: 12pt;\">En outre, nous travaillons avec des institutions financi\u00e8res internationales pour fournir un haut niveau de s\u00e9curit\u00e9 et une grande souplesse et simplicit\u00e9 en mati\u00e8re de syst\u00e8mes de paiement.<\/span><\/p>\n<p><span style=\"font-size: 12pt;\">Discovery Indochina et son personnel esp\u00e8rent que vous trouverez sur notre site internet tous les renseignements necessaires sur nos services et nos destinations.<\/span><\/p>\n<p><span style=\"font-size: 12pt;\">En cas de questions, commentaires ou suggestions, n\u2019hesitez pas \u00e0 nous contacter en nous faisant parvenir un message .<\/span><\/p>\n<p><span style=\"font-size: 12pt;\">Nous sommes toujours \u00e0 votre \u00e9coute ! \u00ab\u00a0<\/span><\/p>\n<p><span style=\"font-size: 12pt;\">Emploi I Notre Office<\/span><\/p>\n<p><span style=\"font-size: 12pt;\">(Discovery Indochina Co, Ltd., International Travel &amp; Tour Operator<\/span><br \/>\n <span style=\"font-size: 12pt;\"> License # 0404\/05 -TCDL -GVLHQT par Vietnam National Administration of Tourism )<\/span><\/p>\n","protected":false},"excerpt":{"rendered":"<p>L&rsquo; agence de voyage francophone Discovery Indochina, principal tours-op\u00e9rateurs au Vietnam, offre des prestations de qualit\u00e9. Son \u00e9quipe de professionnels lui permet de construire des relations privil\u00e9gi\u00e9es avec ses partenaires. Disposant d&rsquo;une large gamme de produits et de services, Discovery Indochina r\u00e9pond \u00e0 la demande \u00e9volutive \u00e9manant de ses clients du monde entier. Notre \u00e9quipe [&hellip;]<\/p>\n","protected":false},"author":1,"featured_media":22159,"parent":0,"menu_order":0,"comment_status":"open","ping_status":"open","template":"","meta":[],"yoast_head":"<!-- This site is optimized with the Yoast SEO plugin v18.9 - https:\/\/yoast.com\/wordpress\/plugins\/seo\/ -->\n<title>Agence de voyage Vietnam, vietnam voyage, vietnam tour<\/title>\n<meta name=\"description\" content=\"Agence de voyage et tour operateur Vietnam, Cambodge, Laos et Birmanie. Voyage au Vietnam et pays indochine avec Discovery Indochina\" \/>\n<meta name=\"robots\" content=\"index, follow, max-snippet:-1, max-image-preview:large, max-video-preview:-1\" \/>\n<link rel=\"canonical\" href=\"https:\/\/discoveryindochina.com\/fr\/qui-sommes-nous\/\" \/>\n<meta property=\"og:locale\" content=\"fr_FR\" \/>\n<meta property=\"og:type\" content=\"article\" \/>\n<meta property=\"og:title\" content=\"Agence de voyage Vietnam, vietnam voyage, vietnam tour\" \/>\n<meta property=\"og:description\" content=\"Agence de voyage et tour operateur Vietnam, Cambodge, Laos et Birmanie. Voyage au Vietnam et pays indochine avec Discovery Indochina\" \/>\n<meta property=\"og:url\" content=\"https:\/\/discoveryindochina.com\/fr\/qui-sommes-nous\/\" \/>\n<meta property=\"og:site_name\" content=\"Vietnam agence de voyages et tour-op\u00e9rateur local sp\u00e9cialiste des tours de cultures et d&#039;aventures\" \/>\n<meta property=\"article:publisher\" content=\"https:\/\/www.facebook.com\/pages\/Discovery-Indochina\/110002685682824\" \/>\n<meta property=\"article:modified_time\" content=\"2017-06-07T07:49:24+00:00\" \/>\n<meta property=\"og:image\" content=\"https:\/\/discoveryindochina.com\/fr\/wp-content\/uploads\/2014\/05\/IMG_9382.jpg\" \/>\n\t<meta property=\"og:image:width\" content=\"2048\" \/>\n\t<meta property=\"og:image:height\" content=\"1365\" \/>\n\t<meta property=\"og:image:type\" content=\"image\/jpeg\" \/>\n<meta name=\"twitter:label1\" content=\"Dur\u00e9e de lecture estim\u00e9e\" \/>\n\t<meta name=\"twitter:data1\" content=\"2 minutes\" \/>\n<script type=\"application\/ld+json\" class=\"yoast-schema-graph\">{\"@context\":\"https:\/\/schema.org\",\"@graph\":[{\"@type\":\"WebSite\",\"@id\":\"https:\/\/discoveryindochina.com\/fr\/#website\",\"url\":\"https:\/\/discoveryindochina.com\/fr\/\",\"name\":\"Vietnam agence de voyages et tour-op\u00e9rateur local sp\u00e9cialiste des tours de cultures et d&#039;aventures\",\"description\":\"\",\"potentialAction\":[{\"@type\":\"SearchAction\",\"target\":{\"@type\":\"EntryPoint\",\"urlTemplate\":\"https:\/\/discoveryindochina.com\/fr\/?s={search_term_string}\"},\"query-input\":\"required name=search_term_string\"}],\"inLanguage\":\"fr-FR\"},{\"@type\":\"ImageObject\",\"inLanguage\":\"fr-FR\",\"@id\":\"https:\/\/discoveryindochina.com\/fr\/qui-sommes-nous\/#primaryimage\",\"url\":\"https:\/\/discoveryindochina.com\/fr\/wp-content\/uploads\/2014\/05\/IMG_9382.jpg\",\"contentUrl\":\"https:\/\/discoveryindochina.com\/fr\/wp-content\/uploads\/2014\/05\/IMG_9382.jpg\",\"width\":2048,\"height\":1365,\"caption\":\"L\u2019 agence de voyage francophone Discovery Indochina, principal tours-op\u00e9rateurs au Vietnam, offre des prestations de qualit\u00e9.\"},{\"@type\":\"WebPage\",\"@id\":\"https:\/\/discoveryindochina.com\/fr\/qui-sommes-nous\/#webpage\",\"url\":\"https:\/\/discoveryindochina.com\/fr\/qui-sommes-nous\/\",\"name\":\"Agence de voyage Vietnam, vietnam voyage, vietnam tour\",\"isPartOf\":{\"@id\":\"https:\/\/discoveryindochina.com\/fr\/#website\"},\"primaryImageOfPage\":{\"@id\":\"https:\/\/discoveryindochina.com\/fr\/qui-sommes-nous\/#primaryimage\"},\"datePublished\":\"2014-05-22T08:26:20+00:00\",\"dateModified\":\"2017-06-07T07:49:24+00:00\",\"description\":\"Agence de voyage et tour operateur Vietnam, Cambodge, Laos et Birmanie. Voyage au Vietnam et pays indochine avec Discovery Indochina\",\"breadcrumb\":{\"@id\":\"https:\/\/discoveryindochina.com\/fr\/qui-sommes-nous\/#breadcrumb\"},\"inLanguage\":\"fr-FR\",\"potentialAction\":[{\"@type\":\"ReadAction\",\"target\":[\"https:\/\/discoveryindochina.com\/fr\/qui-sommes-nous\/\"]}]},{\"@type\":\"BreadcrumbList\",\"@id\":\"https:\/\/discoveryindochina.com\/fr\/qui-sommes-nous\/#breadcrumb\",\"itemListElement\":[{\"@type\":\"ListItem\",\"position\":1,\"name\":\"Home\",\"item\":\"https:\/\/discoveryindochina.com\/fr\/\"},{\"@type\":\"ListItem\",\"position\":2,\"name\":\"Qui sommes nous?\"}]}]}<\/script>\n<!-- \/ Yoast SEO plugin. -->","yoast_head_json":{"title":"Agence de voyage Vietnam, vietnam voyage, vietnam tour","description":"Agence de voyage et tour operateur Vietnam, Cambodge, Laos et Birmanie. Voyage au Vietnam et pays indochine avec Discovery Indochina","robots":{"index":"index","follow":"follow","max-snippet":"max-snippet:-1","max-image-preview":"max-image-preview:large","max-video-preview":"max-video-preview:-1"},"canonical":"https:\/\/discoveryindochina.com\/fr\/qui-sommes-nous\/","og_locale":"fr_FR","og_type":"article","og_title":"Agence de voyage Vietnam, vietnam voyage, vietnam tour","og_description":"Agence de voyage et tour operateur Vietnam, Cambodge, Laos et Birmanie. Voyage au Vietnam et pays indochine avec Discovery Indochina","og_url":"https:\/\/discoveryindochina.com\/fr\/qui-sommes-nous\/","og_site_name":"Vietnam agence de voyages et tour-op\u00e9rateur local sp\u00e9cialiste des tours de cultures et d&#039;aventures","article_publisher":"https:\/\/www.facebook.com\/pages\/Discovery-Indochina\/110002685682824","article_modified_time":"2017-06-07T07:49:24+00:00","og_image":[{"width":2048,"height":1365,"url":"https:\/\/discoveryindochina.com\/fr\/wp-content\/uploads\/2014\/05\/IMG_9382.jpg","type":"image\/jpeg"}],"twitter_misc":{"Dur\u00e9e de lecture estim\u00e9e":"2 minutes"},"schema":{"@context":"https:\/\/schema.org","@graph":[{"@type":"WebSite","@id":"https:\/\/discoveryindochina.com\/fr\/#website","url":"https:\/\/discoveryindochina.com\/fr\/","name":"Vietnam agence de voyages et tour-op\u00e9rateur local sp\u00e9cialiste des tours de cultures et d&#039;aventures","description":"","potentialAction":[{"@type":"SearchAction","target":{"@type":"EntryPoint","urlTemplate":"https:\/\/discoveryindochina.com\/fr\/?s={search_term_string}"},"query-input":"required name=search_term_string"}],"inLanguage":"fr-FR"},{"@type":"ImageObject","inLanguage":"fr-FR","@id":"https:\/\/discoveryindochina.com\/fr\/qui-sommes-nous\/#primaryimage","url":"https:\/\/discoveryindochina.com\/fr\/wp-content\/uploads\/2014\/05\/IMG_9382.jpg","contentUrl":"https:\/\/discoveryindochina.com\/fr\/wp-content\/uploads\/2014\/05\/IMG_9382.jpg","width":2048,"height":1365,"caption":"L\u2019 agence de voyage francophone Discovery Indochina, principal tours-op\u00e9rateurs au Vietnam, offre des prestations de qualit\u00e9."},{"@type":"WebPage","@id":"https:\/\/discoveryindochina.com\/fr\/qui-sommes-nous\/#webpage","url":"https:\/\/discoveryindochina.com\/fr\/qui-sommes-nous\/","name":"Agence de voyage Vietnam, vietnam voyage, vietnam tour","isPartOf":{"@id":"https:\/\/discoveryindochina.com\/fr\/#website"},"primaryImageOfPage":{"@id":"https:\/\/discoveryindochina.com\/fr\/qui-sommes-nous\/#primaryimage"},"datePublished":"2014-05-22T08:26:20+00:00","dateModified":"2017-06-07T07:49:24+00:00","description":"Agence de voyage et tour operateur Vietnam, Cambodge, Laos et Birmanie. Voyage au Vietnam et pays indochine avec Discovery Indochina","breadcrumb":{"@id":"https:\/\/discoveryindochina.com\/fr\/qui-sommes-nous\/#breadcrumb"},"inLanguage":"fr-FR","potentialAction":[{"@type":"ReadAction","target":["https:\/\/discoveryindochina.com\/fr\/qui-sommes-nous\/"]}]},{"@type":"BreadcrumbList","@id":"https:\/\/discoveryindochina.com\/fr\/qui-sommes-nous\/#breadcrumb","itemListElement":[{"@type":"ListItem","position":1,"name":"Home","item":"https:\/\/discoveryindochina.com\/fr\/"},{"@type":"ListItem","position":2,"name":"Qui sommes nous?"}]}]}},"_links":{"self":[{"href":"https:\/\/discoveryindochina.com\/fr\/wp-json\/wp\/v2\/pages\/424"}],"collection":[{"href":"https:\/\/discoveryindochina.com\/fr\/wp-json\/wp\/v2\/pages"}],"about":[{"href":"https:\/\/discoveryindochina.com\/fr\/wp-json\/wp\/v2\/types\/page"}],"author":[{"embeddable":true,"href":"https:\/\/discoveryindochina.com\/fr\/wp-json\/wp\/v2\/users\/1"}],"replies":[{"embeddable":true,"href":"https:\/\/discoveryindochina.com\/fr\/wp-json\/wp\/v2\/comments?post=424"}],"version-history":[{"count":2,"href":"https:\/\/discoveryindochina.com\/fr\/wp-json\/wp\/v2\/pages\/424\/revisions"}],"predecessor-version":[{"id":22161,"href":"https:\/\/discoveryindochina.com\/fr\/wp-json\/wp\/v2\/pages\/424\/revisions\/22161"}],"wp:featuredmedia":[{"embeddable":true,"href":"https:\/\/discoveryindochina.com\/fr\/wp-json\/wp\/v2\/media\/22159"}],"wp:attachment":[{"href":"https:\/\/discoveryindochina.com\/fr\/wp-json\/wp\/v2\/media?parent=424"}],"curies":[{"name":"wp","href":"https:\/\/api.w.org\/{rel}","templated":true}]}}