{"id":428,"date":"2014-05-22T08:29:04","date_gmt":"2014-05-22T08:29:04","guid":{"rendered":"https:\/\/discoveryindochina.com\/fr\/?page_id=428"},"modified":"2017-10-09T08:08:15","modified_gmt":"2017-10-09T08:08:15","slug":"nous-choisir","status":"publish","type":"page","link":"https:\/\/discoveryindochina.com\/fr\/nous-choisir\/","title":{"rendered":"Partir avec nous !"},"content":{"rendered":"<p><span style=\"font-size: 12pt;\"><b>POURQUOI NOUS CHOISIR\u00a0?\u00a0\u00a0\u00a0\u00a0\u00a0\u00a0 <\/b><\/span><\/p>\n<p><span style=\"font-size: 12pt;\">Nous sommes tr\u00e8s fiers de ce que nous sommes\u00a0: une \u00e9quipe de professionnels du tourisme aux multiples comp\u00e9tences et des gens \u00a0responsables.<\/span><\/p>\n<p><span style=\"font-size: 12pt;\">Nous sommes passionn\u00e9s par pour tout ce qui touche \u00e0 notre m\u00e9tier, apportant une valeur ajout\u00e9e \u00e0 notre agence.<\/span><\/p>\n<p><span style=\"font-size: 12pt;\">Nous sommes n\u00e9s et avons grandi dans notre beau pays, le Vi\u00eatnam. Certains d\u2019entre nous sont sp\u00e9cialistes de la Birmanie, Laos, Cambodge et la Chine. Notre exp\u00e9rience unique n\u2019a qu\u2019un but\u00a0: proposer \u00e0 nos futurs clients le meilleur de notre nation et nous nous engageons \u00e0 vous fournir avec l\u2019aide de nos prestataires, des prestations de qualit\u00e9 que vous \u00eates en droit d\u2019exiger.<\/span><\/p>\n<p><span style=\"font-size: 12pt;\">C\u00f4t\u00e9 garanties internationales\u00a0et bancaires : nous sommes titulaires d\u2019un certificat vietnamien d\u00e9livr\u00e9 par l\u2019Administration G\u00e9n\u00e9rale du Tourisme du Vietnam. Cette licence nous a permis d\u2019obtenir une garantie financi\u00e8re aupr\u00e8s d\u2019une banque. Ainsi, Discovery Indochina\u00a0 apporte une s\u00e9curit\u00e9 pour les sommes vers\u00e9es par les clients en plus d\u2019une certification pour la qualit\u00e9 de nos produits touristiques.<\/span><\/p>\n<p><span style=\"font-size: 12pt;\">\u00a0<\/span><\/p>\n<p><span style=\"font-size: 12pt;\"><b>R\u00c9PONSE DANS LES 12 HEURES<\/b><\/span><\/p>\n<p><span style=\"font-size: 12pt;\">Nous sommes disponibles pour vous r\u00e9pondre 24 heures sur 24, vous \u00e9couter, vous conseiller, vous guider\u00a0; soit par appel t\u00e9l\u00e9phonique, soit par email et vous apporter une r\u00e9ponse dans les 12 heures.<\/span><\/p>\n<p><span style=\"font-size: 12pt;\">\u00a0<\/span><\/p>\n<p><span style=\"font-size: 12pt;\"><b>UNE GARANTIE D\u2019UN PRIX LE PLUS ADAPT\u00c9\u00a0 A VOTRE BUDGET <\/b><\/span><\/p>\n<p><span style=\"font-size: 12pt;\">Pr\u00e9sent dans le monde touristique depuis de nombreuses ann\u00e9es, nous pouvons vous offrir des prestations de bonne qualit\u00e9 \u00e0 des prix raisonnables. Ce prix annonc\u00e9 sera celui que vous paierez \u00e0 Discovery\u00a0 Indochina. Apr\u00e8s confirmation de votre circuit, nous vous demanderons de verser un acompte. Ainsi, il n\u2019y aura pas de frais compl\u00e9mentaires ou de suppl\u00e9ment au prix demand\u00e9. \u00a0Si, en cours de voyage vous souhaitez des prestations non comprises dans le contrat, nous vous avertirons du prix suppl\u00e9mentaire et c\u2019est seulement avec votre accord que nous r\u00e9aliserons ces prestations compl\u00e9mentaires au prix convenu entre nous.<\/span><\/p>\n<p><span style=\"font-size: 12pt;\">\u00a0<\/span><\/p>\n<p><span style=\"font-size: 12pt;\"><b>CONNAISSANCE LOCALE,\u00a0 SERVICE INTERNATIONAL<\/b><\/span><\/p>\n<p><span style=\"font-size: 12pt;\">Poss\u00e9dant une grande connaissance de l\u2019histoire et des coutumes locales de chacune des r\u00e9gions du Vi\u00eatnam, nous sommes enthousiastes \u00e0 l\u2019id\u00e9e de vous faire partager\u00a0 notre savoir. Mais aussi tr\u00e8s curieux d\u2019\u00e9changer avec vous vos propres coutumes. C\u2019est notre volont\u00e9 afin que votre voyage devienne inoubliable. Nos collaborateurs sont multilingues et ont suivi une formation pour une meilleure efficacit\u00e9 dans les relations internationales avec de futurs clients de nombreux pays.<\/span><\/p>\n<p><span style=\"font-size: 12pt;\"><b>NOS SERVICES SONT PERSONNALIS\u00c9S\u00a0 <\/b><\/span><\/p>\n<p><span style=\"font-size: 12pt;\">Nous proposons des forfaits touristiques ou des circuits sur mesure, afin de r\u00e9pondre au mieux\u00a0 \u00e0 votre fa\u00e7on de voyager, de d\u00e9couvrir autrement un pays, une r\u00e9gion, une civilisation ou simplement vous reposer dans un d\u00e9cor exceptionnel. Exprimez vos souhaits et notre conseiller mettra tout en \u0153uvre pour satisfaire votre demande.<\/span><\/p>\n<p><span style=\"font-size: 12pt;\">\u00a0<\/span><\/p>\n<p><span style=\"font-size: 12pt;\"><b>R\u00c9SERVATION ET<\/b> <b>R\u00c9GLEMENTS SECURIS\u00c9S<\/b><\/span><\/p>\n<p><span style=\"font-size: 12pt;\">Apr\u00e8s avoir compos\u00e9 votre s\u00e9jour ou circuit, calculez le montant, nous vous confirmerons la somme due et vous disposez de diff\u00e9rents modes pour\u00a0 le\u00a0 r\u00e8glement\u00a0:<\/span><\/p>\n<p><span style=\"font-size: 12pt;\">Via un service en ligne s\u00e9curis\u00e9 (protocole SSL), nous acceptons des cartes de cr\u00e9dit telles que\u00a0: Visa \u2013 Master Card \u2013 JCB\u00a0 &#8211; Diners Club et American Express. Mais aussi le virement bancaire ou le r\u00e8glement par Western Union.<\/span><\/p>\n<p><span style=\"font-size: 12pt;\"><b>NOTRE POLITIQUE DE QUALIT\u00c9 <\/b><\/span><\/p>\n<p><span style=\"font-size: 12pt;\">Nous comprenons que notre succ\u00e8s d\u00e9pend de l\u2019\u00e9coute et du respect de votre attente en mati\u00e8re de voyage. Puis, nous profitons de notre exp\u00e9rience et selon \u00a0votre budget nous s\u00e9lectionnons des prestations conformes \u00e0 vos souhaits parmi les offres multiples du tourisme.<\/span><\/p>\n<p><span style=\"font-size: 12pt;\">Plus pr\u00e9cis\u00e9ment, nous avons sign\u00e9 des contrats avec des prestataires s\u00e9lectionn\u00e9s comme les h\u00f4tels. Nous sommes attentifs \u00e0 leur emplacement et \u00e0 leur confort. Il en est de m\u00eame pour les compagnies a\u00e9riennes, les autres moyens de transport et l\u2019offre tr\u00e8s importante des visites locales et loisirs. Toujours selon votre budget, nous pouvons vous proposer une gamme tr\u00e8s importante d\u2019options.<\/span><\/p>\n<p><span style=\"font-size: 12pt;\"><b>CONSEILS DE PROFESSIONNELS <\/b><\/span><\/p>\n<p><span style=\"font-size: 12pt;\">Nous sommes tr\u00e8s fiers d\u2019\u00eatre l\u2019un des meilleurs experts parmi les agences\u00a0 de voyages nationales afin que votre voyage soit une r\u00e9ussite et devienne un souvenir inoubliable.<\/span><\/p>\n<p><span style=\"font-size: 12pt;\">Si vous avez besoin d\u2019informations, de conseils, nous serons toujours \u00e0 votre \u00e9coute, attentif \u00e0 vos demandes. Il est facile de nous joindre par email\u00a0: <a href=\"mailto:info@discoveryindochina.com\">info@discoveryindochina.com<\/a> ou par t\u00e9l\u00e9phone\u00a0+84912390617.<\/span><\/p>\n<p><span style=\"font-size: 12pt;\">\u00a0<\/span><\/p>\n","protected":false},"excerpt":{"rendered":"<p>POURQUOI NOUS CHOISIR\u00a0?\u00a0\u00a0\u00a0\u00a0\u00a0\u00a0 Nous sommes tr\u00e8s fiers de ce que nous sommes\u00a0: une \u00e9quipe de professionnels du tourisme aux multiples comp\u00e9tences et des gens \u00a0responsables. Nous sommes passionn\u00e9s par pour tout ce qui touche \u00e0 notre m\u00e9tier, apportant une valeur ajout\u00e9e \u00e0 notre agence. Nous sommes n\u00e9s et avons grandi dans notre beau pays, le [&hellip;]<\/p>\n","protected":false},"author":1,"featured_media":0,"parent":0,"menu_order":0,"comment_status":"open","ping_status":"open","template":"","meta":[],"yoast_head":"<!-- This site is optimized with the Yoast SEO plugin v18.9 - https:\/\/yoast.com\/wordpress\/plugins\/seo\/ -->\n<title>Choix de voyage avec discovery indochina, selectioner discovery indochina pour voyager Vietnam<\/title>\n<meta name=\"description\" content=\"Choix de voyage avec discovery indochina, selectioner discovery indochina pour voyager Vietnam, Cambodge, Laos et Birmanie\" \/>\n<meta name=\"robots\" content=\"index, follow, max-snippet:-1, max-image-preview:large, max-video-preview:-1\" \/>\n<link rel=\"canonical\" href=\"https:\/\/discoveryindochina.com\/fr\/nous-choisir\/\" \/>\n<meta property=\"og:locale\" content=\"fr_FR\" \/>\n<meta property=\"og:type\" content=\"article\" \/>\n<meta property=\"og:title\" content=\"Choix de voyage avec discovery indochina, selectioner discovery indochina pour voyager Vietnam\" \/>\n<meta property=\"og:description\" content=\"Choix de voyage avec discovery indochina, selectioner discovery indochina pour voyager Vietnam, Cambodge, Laos et Birmanie\" \/>\n<meta property=\"og:url\" content=\"https:\/\/discoveryindochina.com\/fr\/nous-choisir\/\" \/>\n<meta property=\"og:site_name\" content=\"Vietnam agence de voyages et tour-op\u00e9rateur local sp\u00e9cialiste des tours de cultures et d&#039;aventures\" \/>\n<meta property=\"article:publisher\" content=\"https:\/\/www.facebook.com\/pages\/Discovery-Indochina\/110002685682824\" \/>\n<meta property=\"article:modified_time\" content=\"2017-10-09T08:08:15+00:00\" \/>\n<meta name=\"twitter:label1\" content=\"Dur\u00e9e de lecture estim\u00e9e\" \/>\n\t<meta name=\"twitter:data1\" content=\"4 minutes\" \/>\n<script type=\"application\/ld+json\" class=\"yoast-schema-graph\">{\"@context\":\"https:\/\/schema.org\",\"@graph\":[{\"@type\":\"WebSite\",\"@id\":\"https:\/\/discoveryindochina.com\/fr\/#website\",\"url\":\"https:\/\/discoveryindochina.com\/fr\/\",\"name\":\"Vietnam agence de voyages et tour-op\u00e9rateur local sp\u00e9cialiste des tours de cultures et d&#039;aventures\",\"description\":\"\",\"potentialAction\":[{\"@type\":\"SearchAction\",\"target\":{\"@type\":\"EntryPoint\",\"urlTemplate\":\"https:\/\/discoveryindochina.com\/fr\/?s={search_term_string}\"},\"query-input\":\"required name=search_term_string\"}],\"inLanguage\":\"fr-FR\"},{\"@type\":\"WebPage\",\"@id\":\"https:\/\/discoveryindochina.com\/fr\/nous-choisir\/#webpage\",\"url\":\"https:\/\/discoveryindochina.com\/fr\/nous-choisir\/\",\"name\":\"Choix de voyage avec discovery indochina, selectioner discovery indochina pour voyager Vietnam\",\"isPartOf\":{\"@id\":\"https:\/\/discoveryindochina.com\/fr\/#website\"},\"datePublished\":\"2014-05-22T08:29:04+00:00\",\"dateModified\":\"2017-10-09T08:08:15+00:00\",\"description\":\"Choix de voyage avec discovery indochina, selectioner discovery indochina pour voyager Vietnam, Cambodge, Laos et Birmanie\",\"breadcrumb\":{\"@id\":\"https:\/\/discoveryindochina.com\/fr\/nous-choisir\/#breadcrumb\"},\"inLanguage\":\"fr-FR\",\"potentialAction\":[{\"@type\":\"ReadAction\",\"target\":[\"https:\/\/discoveryindochina.com\/fr\/nous-choisir\/\"]}]},{\"@type\":\"BreadcrumbList\",\"@id\":\"https:\/\/discoveryindochina.com\/fr\/nous-choisir\/#breadcrumb\",\"itemListElement\":[{\"@type\":\"ListItem\",\"position\":1,\"name\":\"Home\",\"item\":\"https:\/\/discoveryindochina.com\/fr\/\"},{\"@type\":\"ListItem\",\"position\":2,\"name\":\"Partir avec nous !\"}]}]}<\/script>\n<!-- \/ Yoast SEO plugin. -->","yoast_head_json":{"title":"Choix de voyage avec discovery indochina, selectioner discovery indochina pour voyager Vietnam","description":"Choix de voyage avec discovery indochina, selectioner discovery indochina pour voyager Vietnam, Cambodge, Laos et Birmanie","robots":{"index":"index","follow":"follow","max-snippet":"max-snippet:-1","max-image-preview":"max-image-preview:large","max-video-preview":"max-video-preview:-1"},"canonical":"https:\/\/discoveryindochina.com\/fr\/nous-choisir\/","og_locale":"fr_FR","og_type":"article","og_title":"Choix de voyage avec discovery indochina, selectioner discovery indochina pour voyager Vietnam","og_description":"Choix de voyage avec discovery indochina, selectioner discovery indochina pour voyager Vietnam, Cambodge, Laos et Birmanie","og_url":"https:\/\/discoveryindochina.com\/fr\/nous-choisir\/","og_site_name":"Vietnam agence de voyages et tour-op\u00e9rateur local sp\u00e9cialiste des tours de cultures et d&#039;aventures","article_publisher":"https:\/\/www.facebook.com\/pages\/Discovery-Indochina\/110002685682824","article_modified_time":"2017-10-09T08:08:15+00:00","twitter_misc":{"Dur\u00e9e de lecture estim\u00e9e":"4 minutes"},"schema":{"@context":"https:\/\/schema.org","@graph":[{"@type":"WebSite","@id":"https:\/\/discoveryindochina.com\/fr\/#website","url":"https:\/\/discoveryindochina.com\/fr\/","name":"Vietnam agence de voyages et tour-op\u00e9rateur local sp\u00e9cialiste des tours de cultures et d&#039;aventures","description":"","potentialAction":[{"@type":"SearchAction","target":{"@type":"EntryPoint","urlTemplate":"https:\/\/discoveryindochina.com\/fr\/?s={search_term_string}"},"query-input":"required name=search_term_string"}],"inLanguage":"fr-FR"},{"@type":"WebPage","@id":"https:\/\/discoveryindochina.com\/fr\/nous-choisir\/#webpage","url":"https:\/\/discoveryindochina.com\/fr\/nous-choisir\/","name":"Choix de voyage avec discovery indochina, selectioner discovery indochina pour voyager Vietnam","isPartOf":{"@id":"https:\/\/discoveryindochina.com\/fr\/#website"},"datePublished":"2014-05-22T08:29:04+00:00","dateModified":"2017-10-09T08:08:15+00:00","description":"Choix de voyage avec discovery indochina, selectioner discovery indochina pour voyager Vietnam, Cambodge, Laos et Birmanie","breadcrumb":{"@id":"https:\/\/discoveryindochina.com\/fr\/nous-choisir\/#breadcrumb"},"inLanguage":"fr-FR","potentialAction":[{"@type":"ReadAction","target":["https:\/\/discoveryindochina.com\/fr\/nous-choisir\/"]}]},{"@type":"BreadcrumbList","@id":"https:\/\/discoveryindochina.com\/fr\/nous-choisir\/#breadcrumb","itemListElement":[{"@type":"ListItem","position":1,"name":"Home","item":"https:\/\/discoveryindochina.com\/fr\/"},{"@type":"ListItem","position":2,"name":"Partir avec nous !"}]}]}},"_links":{"self":[{"href":"https:\/\/discoveryindochina.com\/fr\/wp-json\/wp\/v2\/pages\/428"}],"collection":[{"href":"https:\/\/discoveryindochina.com\/fr\/wp-json\/wp\/v2\/pages"}],"about":[{"href":"https:\/\/discoveryindochina.com\/fr\/wp-json\/wp\/v2\/types\/page"}],"author":[{"embeddable":true,"href":"https:\/\/discoveryindochina.com\/fr\/wp-json\/wp\/v2\/users\/1"}],"replies":[{"embeddable":true,"href":"https:\/\/discoveryindochina.com\/fr\/wp-json\/wp\/v2\/comments?post=428"}],"version-history":[{"count":2,"href":"https:\/\/discoveryindochina.com\/fr\/wp-json\/wp\/v2\/pages\/428\/revisions"}],"predecessor-version":[{"id":22605,"href":"https:\/\/discoveryindochina.com\/fr\/wp-json\/wp\/v2\/pages\/428\/revisions\/22605"}],"wp:attachment":[{"href":"https:\/\/discoveryindochina.com\/fr\/wp-json\/wp\/v2\/media?parent=428"}],"curies":[{"name":"wp","href":"https:\/\/api.w.org\/{rel}","templated":true}]}}