{"id":9422,"date":"2014-08-05T07:59:41","date_gmt":"2014-08-05T07:59:41","guid":{"rendered":"https:\/\/discoveryindochina.com\/fr\/?page_id=9422"},"modified":"2016-05-12T04:03:52","modified_gmt":"2016-05-12T04:03:52","slug":"sitemap","status":"publish","type":"page","link":"https:\/\/discoveryindochina.com\/fr\/sitemap\/","title":{"rendered":"Sitemap"},"content":{"rendered":"<div class=\"clearfix\"><div class=\"wsp-container\"><h2 class=\"wsp-tourss-title\">Tour destinations<\/h2>\n<ul class=\"wsp-tourss-list\">\n<li><a href=\"https:\/\/discoveryindochina.com\/fr\/tours\/hanoi-et-environs\/\">Hanoi et Environs<\/a><\/li>\n<li><a href=\"https:\/\/discoveryindochina.com\/fr\/tours\/vientiane-et-nord-ouest\/\">Vientiane et Nord-Ouest<\/a><\/li>\n<li><a href=\"https:\/\/discoveryindochina.com\/fr\/tours\/thailande-et-cambodge\/\">Thailande et Cambodge<\/a><\/li>\n<li><a href=\"https:\/\/discoveryindochina.com\/fr\/tours\/siemreap-et-temples-dangkor\/\">Siemreap et Temples d\u2019Angkor<\/a><\/li>\n<li><a href=\"https:\/\/discoveryindochina.com\/fr\/tours\/vietnam\/\">Vietnam<\/a><\/li>\n<li><a href=\"https:\/\/discoveryindochina.com\/fr\/tours\/halong-et-cote-du-nord\/\">Halong et C\u00f4te du Nord<\/a><\/li>\n<li><a href=\"https:\/\/discoveryindochina.com\/fr\/tours\/luangprabang\/\">Luangprabang<\/a><\/li>\n<li><a href=\"https:\/\/discoveryindochina.com\/fr\/tours\/birmanie-du-sud-est\/\">Birmanie du Sud-Est<\/a><\/li>\n<li><a href=\"https:\/\/discoveryindochina.com\/fr\/tours\/cambodge-et-laos\/\">Cambodge et Laos<\/a><\/li>\n<li><a href=\"https:\/\/discoveryindochina.com\/fr\/tours\/phnompenh-et-environs\/\">Phnompenh et Environs<\/a><\/li>\n<li><a href=\"https:\/\/discoveryindochina.com\/fr\/tours\/sihanoukville-et-le-sud\/\">Sihanoukville et Le Sud<\/a><\/li>\n<li><a href=\"https:\/\/discoveryindochina.com\/fr\/tours\/sapa-et-extreme-nord\/\">Sapa et Extr\u00eame Nord<\/a><\/li>\n<li><a href=\"https:\/\/discoveryindochina.com\/fr\/tours\/cambodia\/\">Cambodge<\/a><\/li>\n<li><a href=\"https:\/\/discoveryindochina.com\/fr\/tours\/yangon-et-environs\/\">Yangon et Environs<\/a><\/li>\n<li><a href=\"https:\/\/discoveryindochina.com\/fr\/tours\/laos-et-thailande\/\">Laos et Thailande<\/a><\/li>\n<li><a href=\"https:\/\/discoveryindochina.com\/fr\/tours\/battambang-et-nord-ouest\/\">Battambang et Nord-Ouest<\/a><\/li>\n<li><a href=\"https:\/\/discoveryindochina.com\/fr\/tours\/danang-hue-et-cote-central\/\">Danang Hue et C\u00f4te Central<\/a><\/li>\n<li><a href=\"https:\/\/discoveryindochina.com\/fr\/tours\/bangkok-et-environs\/\">Bangkok et Environs<\/a><\/li>\n<li><a href=\"https:\/\/discoveryindochina.com\/fr\/tours\/laos-du-nord-est\/\">Laos du Nord-Est<\/a><\/li>\n<li><a href=\"https:\/\/discoveryindochina.com\/fr\/tours\/birmanie\/\">Birmanie<\/a><\/li>\n<li><a href=\"https:\/\/discoveryindochina.com\/fr\/tours\/bagan-et-les-plaines-centrales\/\">Bagan et les plaines Centrales<\/a><\/li>\n<li><a href=\"https:\/\/discoveryindochina.com\/fr\/tours\/cambodge-et-birmanie\/\">Cambodge et Birmanie<\/a><\/li>\n<li><a href=\"https:\/\/discoveryindochina.com\/fr\/tours\/laos\/\">Laos<\/a><\/li>\n<li><a href=\"https:\/\/discoveryindochina.com\/fr\/tours\/mandalay-et-environs\/\">Mandalay et Environs<\/a><\/li>\n<li><a href=\"https:\/\/discoveryindochina.com\/fr\/tours\/vietnam-laos-et-cambodge\/\">Vietnam, Laos et Cambodge<\/a><\/li>\n<li><a href=\"https:\/\/discoveryindochina.com\/fr\/tours\/laos-et-birmanie\/\">Laos et Birmanie<\/a><\/li>\n<li><a href=\"https:\/\/discoveryindochina.com\/fr\/tours\/thailand\/\">Thailande<\/a><\/li>\n<li><a href=\"https:\/\/discoveryindochina.com\/fr\/tours\/nhatrang-et-cote-sud\/\">Nhatrang et C\u00f4te Sud<\/a><\/li>\n<li><a href=\"https:\/\/discoveryindochina.com\/fr\/tours\/cambodge-et-thailande\/\">Cambodge et Thailande<\/a><\/li>\n<li><a href=\"https:\/\/discoveryindochina.com\/fr\/tours\/multi-pays\/\">Multi Pays<\/a><\/li>\n<li><a href=\"https:\/\/discoveryindochina.com\/fr\/tours\/saigon-et-environs\/\">Saigon et Environs<\/a><\/li>\n<li><a href=\"https:\/\/discoveryindochina.com\/fr\/tours\/delta-du-mekong\/\">Delta du M\u00e9kong<\/a><\/li>\n<li><a href=\"https:\/\/discoveryindochina.com\/fr\/tours\/vietnam-et-cambodge\/\">Vietnam et Cambodge<\/a><\/li>\n<li><a href=\"https:\/\/discoveryindochina.com\/fr\/tours\/vietnam-et-laos\/\">Vietnam et Laos<\/a><\/li>\n<li><a href=\"https:\/\/discoveryindochina.com\/fr\/tours\/vietnam-cambodge-thailande-et-birmanie\/\">Vietnam, Cambodge Thailande et Birmanie<\/a><\/li>\n<\/ul>\n<\/div><\/div>\n<div class=\"clearfix\"><div class=\"wsp-container\"><h2 class=\"wsp-style_themes-title\">Tour theme<\/h2>\n<ul class=\"wsp-style_themes-list\">\n<li><a href=\"https:\/\/discoveryindochina.com\/fr\/style_theme\/programme-escotouristique-et-charitable-autres\/\">Programme \u00e9cotouristique et charitable<\/a><\/li>\n<li><a href=\"https:\/\/discoveryindochina.com\/fr\/style_theme\/au-fil-de-leau\/\">Au fil de l'Eau<\/a><\/li>\n<li><a href=\"https:\/\/discoveryindochina.com\/fr\/style_theme\/voyages-de-familles\/\">Voyages de Familles<\/a><\/li>\n<li><a href=\"https:\/\/discoveryindochina.com\/fr\/style_theme\/hors-de-grandes-routes\/\">Hors de Grandes Routes<\/a><\/li>\n<li><a href=\"https:\/\/discoveryindochina.com\/fr\/style_theme\/balades-decouvertes\/\">Balades D\u00e9couvertes<\/a><\/li>\n<li><a href=\"https:\/\/discoveryindochina.com\/fr\/style_theme\/parcours-en-motos\/\">Parcours en Motos<\/a><\/li>\n<li><a href=\"https:\/\/discoveryindochina.com\/fr\/style_theme\/voyages-classiques\/\">Voyages Classiques<\/a><\/li>\n<li><a href=\"https:\/\/discoveryindochina.com\/fr\/style_theme\/traversees-frontalieres\/\">Travers\u00e9es Frontali\u00e8res<\/a><\/li>\n<li><a href=\"https:\/\/discoveryindochina.com\/fr\/style_theme\/voyages-daventures\/\">Voyages d\u2019Aventures<\/a><\/li>\n<li><a href=\"https:\/\/discoveryindochina.com\/fr\/style_theme\/exploration-et-detente\/\">Exploration et D\u00e9tente<\/a><\/li>\n<li><a href=\"https:\/\/discoveryindochina.com\/fr\/style_theme\/minorites-ethniques\/\">Minorit\u00e9s Ethniques<\/a><\/li>\n<li><a href=\"https:\/\/discoveryindochina.com\/fr\/style_theme\/courtes-durees\/\">Courtes Dur\u00e9es<\/a><\/li>\n<li><a href=\"https:\/\/discoveryindochina.com\/fr\/style_theme\/croisieres\/\">Croisi\u00e8res<\/a><\/li>\n<li><a href=\"https:\/\/discoveryindochina.com\/fr\/style_theme\/voyages-a-velo\/\">Voyages \u00e0 V\u00e9lo<\/a><\/li>\n<li><a href=\"https:\/\/discoveryindochina.com\/fr\/style_theme\/sejours-et-plages\/\">S\u00e9jours et Plages<\/a><\/li>\n<li><a href=\"https:\/\/discoveryindochina.com\/fr\/style_theme\/foodie-tours\/\">Foodie Tours<\/a><\/li>\n<li><a href=\"https:\/\/discoveryindochina.com\/fr\/style_theme\/autres\/\">Autres<\/a><\/li>\n<\/ul>\n<\/div><\/div>\n<div class=\"clearfix\"><div class=\"wsp-container\"><h2 class=\"wsp-dealss-title\">Group deals<\/h2>\n<ul class=\"wsp-dealss-list\">\n<li><a href=\"https:\/\/discoveryindochina.com\/fr\/deals\/promotion-dete\/\">Promotion<\/a><\/li>\n<li><a href=\"https:\/\/discoveryindochina.com\/fr\/deals\/meilleures-tours-de-voyage-2018\/\">Meilleures tours de voyage 2018<\/a><\/li>\n<\/ul>\n<\/div><\/div>\n<div class=\"clearfix\"><div class=\"wsp-container\"><h2 class=\"wsp-pages-title\">Pages<\/h2>\n<ul class=\"wsp-pages-list\">\n<li class=\"page_item page-item-20381\"><a href=\"https:\/\/discoveryindochina.com\/fr\/about-us\/\">\u00c0 Notre Propos<\/a><\/li>\n<li class=\"page_item page-item-18822\"><a href=\"https:\/\/discoveryindochina.com\/fr\/avez-ne-pas\/\">Avez &#038; ne pas<\/a><\/li>\n<li class=\"page_item page-item-521\"><a href=\"https:\/\/discoveryindochina.com\/fr\/write-a-review-html\/\">Avis<\/a><\/li>\n<li class=\"page_item page-item-528\"><a href=\"https:\/\/discoveryindochina.com\/fr\/blogs\/\">Blog<\/a><\/li>\n<li class=\"page_item page-item-9193\"><a href=\"https:\/\/discoveryindochina.com\/fr\/cambodge\/\">CAMBODIA TOURS<\/a><\/li>\n<li class=\"page_item page-item-21068\"><a href=\"https:\/\/discoveryindochina.com\/fr\/charite\/\">Charit\u00e9<\/a><\/li>\n<li class=\"page_item page-item-19290\"><a href=\"https:\/\/discoveryindochina.com\/fr\/communaute\/\">communaute<\/a><\/li>\n<li class=\"page_item page-item-136\"><a href=\"https:\/\/discoveryindochina.com\/fr\/contact\/\">Contact<\/a><\/li>\n<li class=\"page_item page-item-54\"><a href=\"https:\/\/discoveryindochina.com\/fr\/croisieres\/\">Croisi\u00e8re<\/a><\/li>\n<li class=\"page_item page-item-21064\"><a href=\"https:\/\/discoveryindochina.com\/fr\/cuisines\/\">Cuisines<\/a><\/li>\n<li class=\"page_item page-item-21066\"><a href=\"https:\/\/discoveryindochina.com\/fr\/culture\/\">Culture<\/a><\/li>\n<li class=\"page_item page-item-4687\"><a href=\"https:\/\/discoveryindochina.com\/fr\/customized-cambodia\/\">Customized Cambodia<\/a><\/li>\n<li class=\"page_item page-item-4696\"><a href=\"https:\/\/discoveryindochina.com\/fr\/customized-laos\/\">Customized Laos<\/a><\/li>\n<li class=\"page_item page-item-4733\"><a href=\"https:\/\/discoveryindochina.com\/fr\/customized-myanmar\/\">Customized Myanmar<\/a><\/li>\n<li class=\"page_item page-item-19967\"><a href=\"https:\/\/discoveryindochina.com\/fr\/destinations\/\">Destinations<\/a><\/li>\n<li class=\"page_item page-item-20061\"><a href=\"https:\/\/discoveryindochina.com\/fr\/dina-fondation\/\">Dina Fondation<\/a><\/li>\n<li class=\"page_item page-item-22951\"><a href=\"https:\/\/discoveryindochina.com\/fr\/discovery-indochina-69-quan-thanh-ha-noi\/\">Discovery Indochina &#8211; 69 Quan Thanh, Ha Noi<\/a><\/li>\n<li class=\"page_item page-item-18688\"><a href=\"https:\/\/discoveryindochina.com\/fr\/emploi\/\">Emploi chez Agence Discovery Indochina<\/a><\/li>\n<li class=\"page_item page-item-1508\"><a href=\"https:\/\/discoveryindochina.com\/fr\/get-a-quote\/\">Enquiry Form<\/a><\/li>\n<li class=\"page_item page-item-480\"><a href=\"https:\/\/discoveryindochina.com\/fr\/form-faqs\/\">Form FAQs<\/a><\/li>\n<li class=\"page_item page-item-175\"><a href=\"https:\/\/discoveryindochina.com\/fr\/hotels\/\">H\u00f4tels<\/a><\/li>\n<li class=\"page_item page-item-540\"><a href=\"https:\/\/discoveryindochina.com\/fr\/laos-hotels\/\">Laos hotels<\/a><\/li>\n<li class=\"page_item page-item-9197\"><a href=\"https:\/\/discoveryindochina.com\/fr\/laos\/\">LAOS TOURS<\/a><\/li>\n<li class=\"page_item page-item-19188\"><a href=\"https:\/\/discoveryindochina.com\/fr\/reviews\/\">Livres d\u2019Or<\/a><\/li>\n<li class=\"page_item page-item-18408\"><a href=\"https:\/\/discoveryindochina.com\/fr\/login\/\">Login<\/a><\/li>\n<li class=\"page_item page-item-9200\"><a href=\"https:\/\/discoveryindochina.com\/fr\/multi-countries\/\">MULTI COUNTRIES<\/a><\/li>\n<li class=\"page_item page-item-9195\"><a href=\"https:\/\/discoveryindochina.com\/fr\/myanmar\/\">MYANMAR TOURS<\/a><\/li>\n<li class=\"page_item page-item-21071\"><a href=\"https:\/\/discoveryindochina.com\/fr\/offres\/\">Offres<\/a><\/li>\n<li class=\"page_item page-item-1928\"><a href=\"https:\/\/discoveryindochina.com\/fr\/special-offers\/\">Offres sp\u00e9ciales<\/a><\/li>\n<li class=\"page_item page-item-11414\"><a href=\"https:\/\/discoveryindochina.com\/fr\/onpay-hai\/\">Onpay Hai<\/a><\/li>\n<li class=\"page_item page-item-20082 page_item_has_children\"><a href=\"https:\/\/discoveryindochina.com\/fr\/payment\/\">Paiement<\/a>\n<ul class='children'>\n\t<li class=\"page_item page-item-20367\"><a href=\"https:\/\/discoveryindochina.com\/fr\/payment\/secure-payment\/\">Paiement par carte de cr\u00e9dit en ligne<\/a><\/li>\n\t<li class=\"page_item page-item-20369\"><a href=\"https:\/\/discoveryindochina.com\/fr\/payment\/virement\/\">Paiement par virement<\/a><\/li>\n<\/ul>\n<\/li>\n<li class=\"page_item page-item-20372\"><a href=\"https:\/\/discoveryindochina.com\/fr\/secure-payment-response\/\">Paiement s\u00e9curis\u00e9 R\u00e9ponse<\/a><\/li>\n<li class=\"page_item page-item-20038\"><a href=\"https:\/\/discoveryindochina.com\/fr\/partir-a-decouverte-de-lindochine-discovery-indochina\/\">Partir \u00e0 la D\u00e9couverte de l\u2019Indochine avec Discovery Indochina<\/a><\/li>\n<li class=\"page_item page-item-428\"><a href=\"https:\/\/discoveryindochina.com\/fr\/nous-choisir\/\">Partir avec nous !<\/a><\/li>\n<li class=\"page_item page-item-18388\"><a href=\"https:\/\/discoveryindochina.com\/fr\/poser-question\/\">Poser une question<\/a><\/li>\n<li class=\"page_item page-item-425\"><a href=\"https:\/\/discoveryindochina.com\/fr\/faqs\/\">Q&#038;A<\/a><\/li>\n<li class=\"page_item page-item-18387\"><a href=\"https:\/\/discoveryindochina.com\/fr\/questions-answers\/\">Questions et R\u00e9ponses<\/a><\/li>\n<li class=\"page_item page-item-711\"><a href=\"https:\/\/discoveryindochina.com\/fr\/frequently-ask-question\/\">Questions fr\u00e9quemment pos\u00e9es<\/a><\/li>\n<li class=\"page_item page-item-7994\"><a href=\"https:\/\/discoveryindochina.com\/fr\/questions-frequemment-posees\/\">Questions Fr\u00e9quemment Pos\u00e9es (FAQ)<\/a><\/li>\n<li class=\"page_item page-item-424\"><a href=\"https:\/\/discoveryindochina.com\/fr\/qui-sommes-nous\/\">Qui sommes nous?<\/a><\/li>\n<li class=\"page_item page-item-18409\"><a href=\"https:\/\/discoveryindochina.com\/fr\/register\/\">register<\/a><\/li>\n<li class=\"page_item page-item-20330\"><a href=\"https:\/\/discoveryindochina.com\/fr\/regle-et-taboo\/\">R\u00e8gle et Taboo<\/a><\/li>\n<li class=\"page_item page-item-426\"><a href=\"https:\/\/discoveryindochina.com\/fr\/booking-guide\/\">R\u00e9servation<\/a><\/li>\n<li class=\"page_item page-item-8254\"><a href=\"https:\/\/discoveryindochina.com\/fr\/booking-tours\/\">Reservation de Voyages<\/a><\/li>\n<li class=\"page_item page-item-144\"><a href=\"https:\/\/discoveryindochina.com\/fr\/book-now\/\">R\u00e9servez Maintenant<\/a><\/li>\n<li class=\"page_item page-item-16315\"><a href=\"https:\/\/discoveryindochina.com\/fr\/salutation\/\">salutation<\/a><\/li>\n<li class=\"page_item page-item-22230\"><a href=\"https:\/\/discoveryindochina.com\/fr\/show\/\">Show<\/a><\/li>\n<li class=\"page_item page-item-9422\"><a href=\"https:\/\/discoveryindochina.com\/fr\/sitemap\/\">Sitemap<\/a><\/li>\n<li class=\"page_item page-item-22066\"><a href=\"https:\/\/discoveryindochina.com\/fr\/slideshow\/\">Slideshow<\/a><\/li>\n<li class=\"page_item page-item-21331\"><a href=\"https:\/\/discoveryindochina.com\/fr\/stage\/\">Stage chez agence Discovery Indochina<\/a><\/li>\n<li class=\"page_item page-item-8826\"><a href=\"https:\/\/discoveryindochina.com\/fr\/support\/\">Support<\/a><\/li>\n<li class=\"page_item page-item-14824\"><a href=\"https:\/\/discoveryindochina.com\/fr\/livre-dor-voyages\/\">T\u00e9moignages<\/a><\/li>\n<li class=\"page_item page-item-429\"><a href=\"https:\/\/discoveryindochina.com\/fr\/termes-conditions\/\">Termes et  Conditions<\/a><\/li>\n<li class=\"page_item page-item-9199\"><a href=\"https:\/\/discoveryindochina.com\/fr\/thailande\/\">THAILAND TOURS<\/a><\/li>\n<li class=\"page_item page-item-19969\"><a href=\"https:\/\/discoveryindochina.com\/fr\/themes\/\">Th\u00e8mes<\/a><\/li>\n<li class=\"page_item page-item-21283\"><a href=\"https:\/\/discoveryindochina.com\/fr\/tool\/\">Tool<\/a><\/li>\n<li class=\"page_item page-item-20057\"><a href=\"https:\/\/discoveryindochina.com\/fr\/tourisme-durables\/\">Tourisme Durables<\/a><\/li>\n<li class=\"page_item page-item-100\"><a href=\"https:\/\/discoveryindochina.com\/fr\/tours\/\">Tours<\/a><\/li>\n<li class=\"page_item page-item-23\"><a href=\"https:\/\/discoveryindochina.com\/fr\/tours-to-vietnam-laos-cambodia-thailand-and-myanmar\/\">TOURS TO VIETNAM, LAOS, CAMBODIA, THAILAND AND MYANMAR<\/a><\/li>\n<li class=\"page_item page-item-113\"><a href=\"https:\/\/discoveryindochina.com\/fr\/transports\/\">Transports<\/a><\/li>\n<li class=\"page_item page-item-1491\"><a href=\"https:\/\/discoveryindochina.com\/fr\/travel-extra\/\">Travel Extra<\/a><\/li>\n<li class=\"page_item page-item-1496\"><a href=\"https:\/\/discoveryindochina.com\/fr\/travel-guides\/\">Travel Guides<\/a><\/li>\n<li class=\"page_item page-item-127\"><a href=\"https:\/\/discoveryindochina.com\/fr\/travel-infos\/\">Travel Infos<\/a><\/li>\n<li class=\"page_item page-item-19977\"><a href=\"https:\/\/discoveryindochina.com\/fr\/traveltips\/\">Travel Tips<\/a><\/li>\n<li class=\"page_item page-item-108\"><a href=\"https:\/\/discoveryindochina.com\/fr\/vietnam-hotels\/\">Vietnam Hotels<\/a><\/li>\n<li class=\"page_item page-item-9181\"><a href=\"https:\/\/discoveryindochina.com\/fr\/vietnam\/\">VIETNAM TOURS<\/a><\/li>\n<li class=\"page_item page-item-534\"><a href=\"https:\/\/discoveryindochina.com\/fr\/voyage-sur-mesure\/\">Voyage sur Mesure<\/a><\/li>\n<li class=\"page_item page-item-21062\"><a href=\"https:\/\/discoveryindochina.com\/fr\/voyages-en-tendance\/\">Voyages en tendance<\/a><\/li>\n<\/ul>\n<\/div><\/div>\n<div class=\"clearfix\"><div class=\"wsp-container\"><h2 class=\"wsp-traveltipss-title\">Categories traveltip<\/h2>\n<ul class=\"wsp-traveltipss-list\">\n<li><a href=\"https:\/\/discoveryindochina.com\/fr\/traveltips\/vietnam-guides-voyages\/\">Vietnam Guide de Voyages<\/a><\/li>\n<li><a href=\"https:\/\/discoveryindochina.com\/fr\/traveltips\/cambodia-guides-voyages\/\">Cambodia Guide de Voyages<\/a><\/li>\n<li><a href=\"https:\/\/discoveryindochina.com\/fr\/traveltips\/vietnam-infos\/\">Vietnam infos<\/a><\/li>\n<li><a href=\"https:\/\/discoveryindochina.com\/fr\/traveltips\/laos-guides-voyages\/\">Laos Guides de Voyages<\/a><\/li>\n<li><a href=\"https:\/\/discoveryindochina.com\/fr\/traveltips\/laos-infos\/\">LAOS INFOS<\/a><\/li>\n<li><a href=\"https:\/\/discoveryindochina.com\/fr\/traveltips\/transport\/\">TRANSPORT<\/a><\/li>\n<li><a href=\"https:\/\/discoveryindochina.com\/fr\/traveltips\/programmes-tours\/\">PROGRAMMES TOURS<\/a><\/li>\n<li><a href=\"https:\/\/discoveryindochina.com\/fr\/traveltips\/voyage-sur-mesure\/\">VOYAGE SUR MESURE<\/a><\/li>\n<li><a href=\"https:\/\/discoveryindochina.com\/fr\/traveltips\/patrimoine-mondiale\/\">Patrimoine Mondiale<\/a><\/li>\n<li><a href=\"https:\/\/discoveryindochina.com\/fr\/traveltips\/mekong\/\">Mekong<\/a><\/li>\n<li><a href=\"https:\/\/discoveryindochina.com\/fr\/traveltips\/conseils-aux-voyageurs\/\">Conseils aux voyageurs<\/a><\/li>\n<li><a href=\"https:\/\/discoveryindochina.com\/fr\/traveltips\/vietnam\/\">Vietnam<\/a><\/li>\n<li><a href=\"https:\/\/discoveryindochina.com\/fr\/traveltips\/cambodia\/\">Cambodia<\/a><\/li>\n<li><a href=\"https:\/\/discoveryindochina.com\/fr\/traveltips\/laos\/\">Laos<\/a><\/li>\n<li><a href=\"https:\/\/discoveryindochina.com\/fr\/traveltips\/myanmar\/\">Myanmar<\/a><\/li>\n<li><a href=\"https:\/\/discoveryindochina.com\/fr\/traveltips\/thailand\/\">Thailand<\/a><\/li>\n<li><a href=\"https:\/\/discoveryindochina.com\/fr\/traveltips\/birmanie-guide-voyages\/\">Birmanie Guide de Voyages<\/a><\/li>\n<li><a href=\"https:\/\/discoveryindochina.com\/fr\/traveltips\/laos-meteo\/\">LAOS M\u00c9T\u00c9O<\/a><\/li>\n<\/ul>\n<\/div><\/div>\n","protected":false},"excerpt":{"rendered":"","protected":false},"author":1,"featured_media":0,"parent":0,"menu_order":0,"comment_status":"open","ping_status":"open","template":"","meta":[],"yoast_head":"<!-- This site is optimized with the Yoast SEO plugin v18.9 - https:\/\/yoast.com\/wordpress\/plugins\/seo\/ -->\n<title>Sitemap<\/title>\n<meta name=\"robots\" content=\"index, follow, max-snippet:-1, max-image-preview:large, max-video-preview:-1\" \/>\n<link rel=\"canonical\" href=\"https:\/\/discoveryindochina.com\/fr\/sitemap\/\" \/>\n<meta property=\"og:locale\" content=\"fr_FR\" \/>\n<meta property=\"og:type\" content=\"article\" \/>\n<meta property=\"og:title\" content=\"Sitemap\" \/>\n<meta property=\"og:url\" content=\"https:\/\/discoveryindochina.com\/fr\/sitemap\/\" \/>\n<meta property=\"og:site_name\" content=\"Vietnam agence de voyages et tour-op\u00e9rateur local sp\u00e9cialiste des tours de cultures et d&#039;aventures\" \/>\n<meta property=\"article:publisher\" content=\"https:\/\/www.facebook.com\/pages\/Discovery-Indochina\/110002685682824\" \/>\n<meta property=\"article:modified_time\" content=\"2016-05-12T04:03:52+00:00\" \/>\n<script type=\"application\/ld+json\" class=\"yoast-schema-graph\">{\"@context\":\"https:\/\/schema.org\",\"@graph\":[{\"@type\":\"WebSite\",\"@id\":\"https:\/\/discoveryindochina.com\/fr\/#website\",\"url\":\"https:\/\/discoveryindochina.com\/fr\/\",\"name\":\"Vietnam agence de voyages et tour-op\u00e9rateur local sp\u00e9cialiste des tours de cultures et d&#039;aventures\",\"description\":\"\",\"potentialAction\":[{\"@type\":\"SearchAction\",\"target\":{\"@type\":\"EntryPoint\",\"urlTemplate\":\"https:\/\/discoveryindochina.com\/fr\/?s={search_term_string}\"},\"query-input\":\"required name=search_term_string\"}],\"inLanguage\":\"fr-FR\"},{\"@type\":\"WebPage\",\"@id\":\"https:\/\/discoveryindochina.com\/fr\/sitemap\/#webpage\",\"url\":\"https:\/\/discoveryindochina.com\/fr\/sitemap\/\",\"name\":\"Sitemap\",\"isPartOf\":{\"@id\":\"https:\/\/discoveryindochina.com\/fr\/#website\"},\"datePublished\":\"2014-08-05T07:59:41+00:00\",\"dateModified\":\"2016-05-12T04:03:52+00:00\",\"breadcrumb\":{\"@id\":\"https:\/\/discoveryindochina.com\/fr\/sitemap\/#breadcrumb\"},\"inLanguage\":\"fr-FR\",\"potentialAction\":[{\"@type\":\"ReadAction\",\"target\":[\"https:\/\/discoveryindochina.com\/fr\/sitemap\/\"]}]},{\"@type\":\"BreadcrumbList\",\"@id\":\"https:\/\/discoveryindochina.com\/fr\/sitemap\/#breadcrumb\",\"itemListElement\":[{\"@type\":\"ListItem\",\"position\":1,\"name\":\"Home\",\"item\":\"https:\/\/discoveryindochina.com\/fr\/\"},{\"@type\":\"ListItem\",\"position\":2,\"name\":\"Sitemap\"}]}]}<\/script>\n<!-- \/ Yoast SEO plugin. -->","yoast_head_json":{"title":"Sitemap","robots":{"index":"index","follow":"follow","max-snippet":"max-snippet:-1","max-image-preview":"max-image-preview:large","max-video-preview":"max-video-preview:-1"},"canonical":"https:\/\/discoveryindochina.com\/fr\/sitemap\/","og_locale":"fr_FR","og_type":"article","og_title":"Sitemap","og_url":"https:\/\/discoveryindochina.com\/fr\/sitemap\/","og_site_name":"Vietnam agence de voyages et tour-op\u00e9rateur local sp\u00e9cialiste des tours de cultures et d&#039;aventures","article_publisher":"https:\/\/www.facebook.com\/pages\/Discovery-Indochina\/110002685682824","article_modified_time":"2016-05-12T04:03:52+00:00","schema":{"@context":"https:\/\/schema.org","@graph":[{"@type":"WebSite","@id":"https:\/\/discoveryindochina.com\/fr\/#website","url":"https:\/\/discoveryindochina.com\/fr\/","name":"Vietnam agence de voyages et tour-op\u00e9rateur local sp\u00e9cialiste des tours de cultures et d&#039;aventures","description":"","potentialAction":[{"@type":"SearchAction","target":{"@type":"EntryPoint","urlTemplate":"https:\/\/discoveryindochina.com\/fr\/?s={search_term_string}"},"query-input":"required name=search_term_string"}],"inLanguage":"fr-FR"},{"@type":"WebPage","@id":"https:\/\/discoveryindochina.com\/fr\/sitemap\/#webpage","url":"https:\/\/discoveryindochina.com\/fr\/sitemap\/","name":"Sitemap","isPartOf":{"@id":"https:\/\/discoveryindochina.com\/fr\/#website"},"datePublished":"2014-08-05T07:59:41+00:00","dateModified":"2016-05-12T04:03:52+00:00","breadcrumb":{"@id":"https:\/\/discoveryindochina.com\/fr\/sitemap\/#breadcrumb"},"inLanguage":"fr-FR","potentialAction":[{"@type":"ReadAction","target":["https:\/\/discoveryindochina.com\/fr\/sitemap\/"]}]},{"@type":"BreadcrumbList","@id":"https:\/\/discoveryindochina.com\/fr\/sitemap\/#breadcrumb","itemListElement":[{"@type":"ListItem","position":1,"name":"Home","item":"https:\/\/discoveryindochina.com\/fr\/"},{"@type":"ListItem","position":2,"name":"Sitemap"}]}]}},"_links":{"self":[{"href":"https:\/\/discoveryindochina.com\/fr\/wp-json\/wp\/v2\/pages\/9422"}],"collection":[{"href":"https:\/\/discoveryindochina.com\/fr\/wp-json\/wp\/v2\/pages"}],"about":[{"href":"https:\/\/discoveryindochina.com\/fr\/wp-json\/wp\/v2\/types\/page"}],"author":[{"embeddable":true,"href":"https:\/\/discoveryindochina.com\/fr\/wp-json\/wp\/v2\/users\/1"}],"replies":[{"embeddable":true,"href":"https:\/\/discoveryindochina.com\/fr\/wp-json\/wp\/v2\/comments?post=9422"}],"version-history":[{"count":0,"href":"https:\/\/discoveryindochina.com\/fr\/wp-json\/wp\/v2\/pages\/9422\/revisions"}],"wp:attachment":[{"href":"https:\/\/discoveryindochina.com\/fr\/wp-json\/wp\/v2\/media?parent=9422"}],"curies":[{"name":"wp","href":"https:\/\/api.w.org\/{rel}","templated":true}]}}